{"id":255,"date":"2019-12-05T10:39:37","date_gmt":"2019-12-05T10:39:37","guid":{"rendered":"http:\/\/wp.up.pt\/histomap\/?page_id=255"},"modified":"2024-07-25T11:54:49","modified_gmt":"2024-07-25T11:54:49","slug":"projeto-perda-gestacional","status":"publish","type":"page","link":"https:\/\/www.fpce.up.pt\/cilme2024\/","title":{"rendered":"Apresenta\u00e7\u00e3o"},"content":{"rendered":"\n<p><\/p>\n\n\n\n<p><a href=\"https:\/\/www-fpce-up-pt.translate.goog\/cilme2024\/?_x_tr_sl=pt&amp;_x_tr_tl=es&amp;_x_tr_hl=pt-BR&amp;_x_tr_pto=wapp\">Clic aqu\u00ed para acceder al sitio web en Espa\u00f1ol<\/a>.<br><br><\/p>\n\n\n\n<p><a href=\"https:\/\/www-fpce-up-pt.translate.goog\/cilme2024\/?_x_tr_sl=pt&amp;_x_tr_tl=en&amp;_x_tr_hl=pt-BR&amp;_x_tr_pto=wapp\">Click here to access the website in English. <\/a><\/p>\n\n\n<\/p>\n\n\n<p>A Rede de Investiga\u00e7\u00e3o em Lideran\u00e7a e Melhoria da Educa\u00e7\u00e3o (<strong>RILME<\/strong>), em colabora\u00e7\u00e3o com a Comunidade Pr\u00e1tica de Investiga\u00e7\u00e3o Curr\u00edculo, Avalia\u00e7\u00e3o, Forma\u00e7\u00e3o e Tecnologias em Educa\u00e7\u00e3o (<strong>CAFTE<\/strong>), do Centro de Investiga\u00e7\u00e3o e Interven\u00e7\u00e3o Educativas da Universidade do Porto, anunciam o <strong>V Congresso Internacional sobre Lideran\u00e7a e Melhoria da Educa\u00e7\u00e3o<\/strong>, a realizar-se nos dias 27 a 29 de maio de 2024 na <a href=\"https:\/\/sigarra.up.pt\/fpceup\/pt\/web_base.gera_pagina?p_pagina=1942\">Faculdade de Psicologia e de Ci\u00eancias da Educa\u00e7\u00e3o da Universidade do Porto<\/a> (Portugal), exclusivamente presencial.<\/p>\n\n\n\n<p>O <strong>CILME <\/strong>conta com quatro edi\u00e7\u00f5es realizadas na Universidade Aut\u00f3noma de Madrid (2017 e 2018), na Universidade Diego Portales, Santiago do Chile (2019) e na Universidade de Sevilha (2023). Para al\u00e9m destas institui\u00e7\u00f5es de ensino superior, a <strong>RILME <\/strong>(<a href=\"http:\/\/www.rilme.org\">www.rilme.org<\/a>) \u00e9 tamb\u00e9m constitu\u00edda por equipas de investiga\u00e7\u00e3o das universidades de Granada, Huelva, M\u00farcia, Vigo, Rovira i Virgili de Tarragona, Universidad Torcuato Di Tella (Argentina) e Porto (Portugal).<\/p>\n\n\n\n<p>Num mundo em constante mudan\u00e7a e marcado por tempos de incertezas, a escola tem vindo a ser cada vez mais reconhecida como um lugar crucial para uma forma\u00e7\u00e3o democr\u00e1tica e transformadora das sociedades.&nbsp; \u00c9 tendo por base este prop\u00f3sito que o V<strong> CILME 2024 <\/strong>se organiza em torno do tema &#8220;Escola, Democracia e Mudan\u00e7a&#8221;, propondo-se estimular discuss\u00f5es e reflex\u00f5es abrangentes a partir de abordagens te\u00f3ricas, resultados de estudos e partilha de experi\u00eancias. Considerando nuclear a interconex\u00e3o entre estes tr\u00eas pilares, espera-se que o <strong>V CILME <\/strong>contribua para ampliar o debate sobre: pol\u00edticas de educa\u00e7\u00e3o e de forma\u00e7\u00e3o; culturas institucionais e profissionais no campo da educa\u00e7\u00e3o; e pr\u00e1ticas educacionais e comunidades de aprendizagem.<\/p>\n\n\n\n<p><br>Reconhecendo a pertin\u00eancia deste evento para toda a comunidade educativa, convidamos professores e\/ou investigadores, assim como outros profissionais com experi\u00eancia\/interesse na \u00e1rea da educa\u00e7\u00e3o, a participar no V CILME 2024.<\/p>\n\n\n\n<p class=\"has-text-align-center has-small-font-size\"><br><a href=\"https:\/\/cilme2024.eventqualia.net\/pt\/in%C3%ADcio\/\">Link para inscri\u00e7\u00f5es!<\/a><br><br>***<\/p>\n\n\n\n<p class=\"has-text-align-left has-small-font-size\"><\/p>\n\n\n\n<p><strong>TEXTO COMPLETO PARA LIVRO DE ACTAS DO V CILME<\/strong><\/p>\n\n\n\n<p>Os participantes que desejarem publicar seus textos no Livro de Actas do V CILME, dever\u00e3o seguir o modelo de template dispon\u00edvel no site obedecendo as regras de submiss\u00e3o conforme documento orientador. A extens\u00e3o m\u00e1xima dos textos n\u00e3o poder\u00e1 ultrapassar 5000 palavras, incluindo as refer\u00eancias bibliogr\u00e1ficas.<\/p>\n\n\n\n<p>Os textos completos, para serem publicados, precisam de ser enviados para o endere\u00e7o de e-mail <strong>esc@fpce.up.pt<\/strong> at\u00e9<strong> 31 de agosto de 2024<\/strong>,  seguindo as indica\u00e7\u00f5es e normas disponibilizadas no template abaixo: <br><br>Artigos \/ Textos completos para livro de Actas do Congresso:<\/p>\n\n\n\n<div class=\"wp-block-file\"><a id=\"wp-block-file--media-f6c2a0f9-c39f-465d-8f24-b6c9ee2ed467\" href=\"https:\/\/www.fpce.up.pt\/cilme2024\/wp-content\/uploads\/sites\/1025\/2024\/03\/Template_-Artigo_VCILME-1.docx\">Template_-Artigo_VCILME-1<\/a><a href=\"https:\/\/www.fpce.up.pt\/cilme2024\/wp-content\/uploads\/sites\/1025\/2024\/03\/Template_-Artigo_VCILME-1.docx\" class=\"wp-block-file__button wp-element-button\" download aria-describedby=\"wp-block-file--media-f6c2a0f9-c39f-465d-8f24-b6c9ee2ed467\">Descarregar<\/a><\/div>\n\n\n\n<p class=\"has-text-align-center\"><br><br><strong>V CILME tem o apoio das seguintes institui\u00e7\u00f5es:<br><\/strong><\/p>\n\n\n\n<figure class=\"wp-block-image size-full is-resized\"><img fetchpriority=\"high\" decoding=\"async\" width=\"539\" height=\"374\" src=\"https:\/\/www.fpce.up.pt\/cilme2024\/wp-content\/uploads\/sites\/1025\/2024\/04\/Logo-Vectorial-1.png\" alt=\"\" class=\"wp-image-2077\" style=\"width:190px;height:auto\" srcset=\"https:\/\/www.fpce.up.pt\/cilme2024\/wp-content\/uploads\/sites\/1025\/2024\/04\/Logo-Vectorial-1.png 539w, https:\/\/www.fpce.up.pt\/cilme2024\/wp-content\/uploads\/sites\/1025\/2024\/04\/Logo-Vectorial-1-300x208.png 300w\" sizes=\"(max-width: 539px) 100vw, 539px\" \/><\/figure>\n\n\n\n<figure class=\"wp-block-image size-full is-resized\"><img decoding=\"async\" width=\"195\" height=\"195\" src=\"https:\/\/www.fpce.up.pt\/cilme2024\/wp-content\/uploads\/sites\/1025\/2024\/04\/porto_editora_novo_logotipo-1.png\" alt=\"\" class=\"wp-image-2079\" style=\"width:181px;height:auto\" srcset=\"https:\/\/www.fpce.up.pt\/cilme2024\/wp-content\/uploads\/sites\/1025\/2024\/04\/porto_editora_novo_logotipo-1.png 195w, https:\/\/www.fpce.up.pt\/cilme2024\/wp-content\/uploads\/sites\/1025\/2024\/04\/porto_editora_novo_logotipo-1-150x150.png 150w, https:\/\/www.fpce.up.pt\/cilme2024\/wp-content\/uploads\/sites\/1025\/2024\/04\/porto_editora_novo_logotipo-1-24x24.png 24w, https:\/\/www.fpce.up.pt\/cilme2024\/wp-content\/uploads\/sites\/1025\/2024\/04\/porto_editora_novo_logotipo-1-48x48.png 48w, https:\/\/www.fpce.up.pt\/cilme2024\/wp-content\/uploads\/sites\/1025\/2024\/04\/porto_editora_novo_logotipo-1-96x96.png 96w\" sizes=\"(max-width: 195px) 100vw, 195px\" \/><\/figure>\n\n\n\n<figure class=\"wp-block-image size-large is-resized\"><img decoding=\"async\" width=\"1024\" height=\"263\" src=\"https:\/\/www.fpce.up.pt\/cilme2024\/wp-content\/uploads\/sites\/1025\/2024\/04\/Caixa-geral-de-depositos-1-1024x263.png\" alt=\"\" class=\"wp-image-2080\" style=\"width:279px;height:auto\" srcset=\"https:\/\/www.fpce.up.pt\/cilme2024\/wp-content\/uploads\/sites\/1025\/2024\/04\/Caixa-geral-de-depositos-1-1024x263.png 1024w, https:\/\/www.fpce.up.pt\/cilme2024\/wp-content\/uploads\/sites\/1025\/2024\/04\/Caixa-geral-de-depositos-1-300x77.png 300w, https:\/\/www.fpce.up.pt\/cilme2024\/wp-content\/uploads\/sites\/1025\/2024\/04\/Caixa-geral-de-depositos-1-768x197.png 768w, https:\/\/www.fpce.up.pt\/cilme2024\/wp-content\/uploads\/sites\/1025\/2024\/04\/Caixa-geral-de-depositos-1-1536x394.png 1536w, https:\/\/www.fpce.up.pt\/cilme2024\/wp-content\/uploads\/sites\/1025\/2024\/04\/Caixa-geral-de-depositos-1.png 1756w\" sizes=\"(max-width: 1024px) 100vw, 1024px\" \/><\/figure>\n","protected":false},"excerpt":{"rendered":"<p>Clic aqu\u00ed para acceder al sitio web en Espa\u00f1ol. Click here to access the website in English. A Rede de Investiga\u00e7\u00e3o em Lideran\u00e7a e Melhoria da Educa\u00e7\u00e3o (RILME), em colabora\u00e7\u00e3o com a Comunidade Pr\u00e1tica de Investiga\u00e7\u00e3o Curr\u00edculo, Avalia\u00e7\u00e3o, Forma\u00e7\u00e3o e Tecnologias em Educa\u00e7\u00e3o (CAFTE), do Centro de Investiga\u00e7\u00e3o e Interven\u00e7\u00e3o Educativas da Universidade do Porto, [&hellip;]<\/p>\n","protected":false},"author":1103,"featured_media":0,"parent":0,"menu_order":1,"comment_status":"closed","ping_status":"closed","template":"","meta":{"footnotes":""},"class_list":["post-255","page","type-page","status-publish","hentry","post"],"_links":{"self":[{"href":"https:\/\/www.fpce.up.pt\/cilme2024\/wp-json\/wp\/v2\/pages\/255","targetHints":{"allow":["GET"]}}],"collection":[{"href":"https:\/\/www.fpce.up.pt\/cilme2024\/wp-json\/wp\/v2\/pages"}],"about":[{"href":"https:\/\/www.fpce.up.pt\/cilme2024\/wp-json\/wp\/v2\/types\/page"}],"author":[{"embeddable":true,"href":"https:\/\/www.fpce.up.pt\/cilme2024\/wp-json\/wp\/v2\/users\/1103"}],"replies":[{"embeddable":true,"href":"https:\/\/www.fpce.up.pt\/cilme2024\/wp-json\/wp\/v2\/comments?post=255"}],"version-history":[{"count":91,"href":"https:\/\/www.fpce.up.pt\/cilme2024\/wp-json\/wp\/v2\/pages\/255\/revisions"}],"predecessor-version":[{"id":2134,"href":"https:\/\/www.fpce.up.pt\/cilme2024\/wp-json\/wp\/v2\/pages\/255\/revisions\/2134"}],"wp:attachment":[{"href":"https:\/\/www.fpce.up.pt\/cilme2024\/wp-json\/wp\/v2\/media?parent=255"}],"curies":[{"name":"wp","href":"https:\/\/api.w.org\/{rel}","templated":true}]}}