{"id":704,"date":"2022-11-09T16:57:53","date_gmt":"2022-11-09T16:57:53","guid":{"rendered":"http:\/\/wp.up.pt\/cilme2024\/?page_id=704"},"modified":"2024-03-08T14:22:10","modified_gmt":"2024-03-08T14:22:10","slug":"organizacao","status":"publish","type":"page","link":"https:\/\/www.fpce.up.pt\/cilme2024\/organizacao\/","title":{"rendered":"Organiza\u00e7\u00e3o"},"content":{"rendered":"\n<p><strong>Institui\u00e7\u00f5es<\/strong>*<\/p>\n\n\n\n<p>Rede Internacional sobre a Lideran\u00e7a e Melhoria na Educa\u00e7\u00e3o (<strong>RILME<\/strong>)<\/p>\n\n\n\n<p>Centro de Investiga\u00e7\u00e3o e Interven\u00e7\u00e3o Educativas (<strong>CIIE<\/strong>)<\/p>\n\n\n\n<p>Faculdade de Psicologia e de Ci\u00eancias da Educa\u00e7\u00e3o da Universidade Porto (<strong>FPCEUP<\/strong>)<\/p>\n\n\n\n<p>Associa\u00e7\u00e3o Nacional de Diretores de Agrupamentos e Escolas P\u00fablicas (<strong>ANDAEP<\/strong>)<\/p>\n\n\n\n<p>Associa\u00e7\u00e3o Nacional de Dirigentes Escolares (<strong>ANDE<\/strong>)<br><br><\/p>\n\n\n\n<p><strong>Comiss\u00e3o Organizadora<\/strong>*<\/p>\n\n\n\n<p>Carlinda Leite (Coord.) &#8211; CIIE, Faculdade de Psicologia e de Ci\u00eancias da Educa\u00e7\u00e3o da Universidade do Porto<\/p>\n\n\n\n<p>Preciosa Fernandes (Coord.) &#8211; CIIE, Faculdade de Psicologia e de Ci\u00eancias da Educa\u00e7\u00e3o da Universidade do Porto<\/p>\n\n\n\n<p>Amanda Moraes &#8211; CIIE, Faculdade de Psicologia e de Ci\u00eancias da Educa\u00e7\u00e3o da Universidade do Porto<\/p>\n\n\n\n<p>Ana Eloisa Carvalho &#8211; CIIE, Faculdade de Psicologia e de Ci\u00eancias da Educa\u00e7\u00e3o da Universidade do Porto<\/p>\n\n\n\n<p>Ang\u00e9lica Monteiro &#8211; CIIE, Faculdade de Psicologia e de Ci\u00eancias da Educa\u00e7\u00e3o da Universidade do Porto<\/p>\n\n\n\n<p>Carla Figueiredo &#8211; CIIE, Faculdade de Psicologia e de Ci\u00eancias da Educa\u00e7\u00e3o da Universidade do Porto<\/p>\n\n\n\n<p>Daniela Ferreira &#8211; CIIE, Faculdade de Psicologia e de Ci\u00eancias da Educa\u00e7\u00e3o da Universidade do Porto<\/p>\n\n\n\n<p>Duarte Nuno Duarte &#8211; CIIE, Faculdade de Psicologia e de Ci\u00eancias da Educa\u00e7\u00e3o da Universidade do Porto<\/p>\n\n\n\n<p>Elisabete Ferreira &#8211; CIIE, Faculdade de Psicologia e de Ci\u00eancias da Educa\u00e7\u00e3o da Universidade do Porto<\/p>\n\n\n\n<p>Filinto Lima &#8211; Associa\u00e7\u00e3o Nacional de Diretores de Agrupamentos e Escolas P\u00fablicas<\/p>\n\n\n\n<p>Jos\u00e9 Pedro Amorim &#8211; CIIE, Faculdade de Psicologia e de Ci\u00eancias da Educa\u00e7\u00e3o da Universidade do Porto<\/p>\n\n\n\n<p>Jos\u00e9 Carlos Bronze &#8211; CIIE, Faculdade de Psicologia e de Ci\u00eancias da Educa\u00e7\u00e3o da Universidade do Porto<\/p>\n\n\n\n<p>Larissa Lacerda&nbsp;&#8211; CIIE, Faculdade de Psicologia e de Ci\u00eancias da Educa\u00e7\u00e3o da Universidade do Porto<\/p>\n\n\n\n<p>Lillian Nobre &#8211; CIIE, Faculdade de Psicologia e de Ci\u00eancias da Educa\u00e7\u00e3o da Universidade do Porto<\/p>\n\n\n\n<p>Manuel Pereira &#8211; Associa\u00e7\u00e3o Nacional de Dirigentes Escolares<\/p>\n\n\n\n<p>Marta Sampaio &#8211; CIIE, Faculdade de Psicologia e de Ci\u00eancias da Educa\u00e7\u00e3o da Universidade do Porto<\/p>\n\n\n\n<p>Paulo Marinho &#8211; CIIE, Faculdade de Psicologia e de Ci\u00eancias da Educa\u00e7\u00e3o da Universidade do Porto<\/p>\n\n\n\n<p>Richelme Costa &#8211; CIIE, Faculdade de Psicologia e de Ci\u00eancias da Educa\u00e7\u00e3o da Universidade do Porto<\/p>\n\n\n\n<p>Rui Trindade &#8211; CIIE, Faculdade de Psicologia e de Ci\u00eancias da Educa\u00e7\u00e3o da Universidade do Porto<br><br><\/p>\n\n\n\n<p><strong>Comiss\u00e3o Cient\u00edfica<\/strong>*<\/p>\n\n\n\n<p><strong>Portugal<\/strong><br>Ana Am\u00e9lia Carvalho, UCoimbra<br>Ang\u00e9lica Monteiro, CIIE\/FPCEUP<br>Ant\u00f3nio Gomes Ferreira, FPCEUC<br>Ant\u00f3nio Magalh\u00e3es, FPCEUP<br>Am\u00e9lia Lopes, CIIE\/FPCEUP<br>Am\u00e9lia Veiga, CIIE FPCEUP<br>Carla Figueiredo, CIIE\/FPCEUP<br>Carlinda Leite, CIIE\/FPCEUP<br>Carlos Barreira, FPCEUC<br>Carlos Pires, ESE Lisboa\/FPAE<br>Clara Vasconcelos, FCUP<br>C\u00e9sar S\u00e1, ESE de Viana do Castelo<br>Cristina Albuquerque FPCEUC<br>Elisabete Ferreira, CIIE\/FPCEUP<br>F\u00e1tima Pereira, CIIE\/FPCEUP<br>F\u00e1tima de Sousa Pereira, ESE de Viana do Castelo<br>Filipa Seabra, Universidade Aberta<br>Gra\u00e7a Bidarra, FPCEUC<br>Isabel Fialho, U\u00c9vora<br>Isabel Menezes, CIIE\/FPCEUP<br>Jo\u00e3o Paiva, FCUP<br>Jorge Adelino Costa, UAveiro<br>Jos\u00e9 Alexandre Pinto, ESE do Porto<br>Lu\u00eds Grosso Correia, FLUP e CIIE\/FPCEUP<br>Maria Jo\u00e3o Carvalho, UTAD e CIIE\/FPCEUP<br>Maria Jo\u00e3o Mogarro, IE\/ULisboa<br>Marta Sampaio, CIIE\/FPCEUP<br>Matias Alves, UCat\u00f3lica do Porto<br>Nuno Fraga, UMadeira<br>Jos\u00e9 Augusto Pacheco, UMinho<br>Jos\u00e9 Carlos Morgado, UMinho<br>Paulo Marinho, CIIE\/FPCEUP<br>Paula Queir\u00f3s, FADEUP<br>Paula Batista, FADEUP<br>Preciosa Fernandes, CIIE\/FPCEUP<br>Rosa Ant\u00f3nia Tom\u00e1s Ferreira, FCUP<br>Rui Trindade, CIIE\/FPCEUP<br>Rui Vieira, UAveiro<br>Sandra Valadas, UAlgarve<br>S\u00f3nia Valente Rodrigues, FLUP<\/p>\n\n\n\n<p><strong>Brasil<\/strong><br>Alice Casimiro Lopes, UERJ<br>Carlos Eduardo Ferra\u00e7o, UFES<br>Elisabeth Macedo, UERJ<br>Liliane Campos Machado, UnB<br>Lucinalva Almeida, UFPE<br>Jefferson Mainardes, UEPG<br>Maria Antonia Azevedo, UNESP<br>Maria das Gra\u00e7as Soares, FAFIRE<br>Mar\u00edlia Morosini, PUC, Porto Alegre<br>Neiza Fumes, UFAL<br>Noeli Rivas, UNESP<br>Rita Frangella, UERJ<br>Rodrigo Matos de Souza, UnB<br>Rosangela Fritsch, UNISINOS<br>Roberto Rafael, UNISINOS<br>Walter Souza, UFPA<br>Washington Nozu, UFGD<\/p>\n\n\n\n<p><strong>Espanha<\/strong><br>Alejandro Tiana, UNED<br>Antonio Bolivar, Universidade de Granada<br>Cecilia Maria Azorin Abellan, Universidade de M\u00farcia<br>Cynthia Mart\u00ednez-Garrido, Universidad Aut\u00f3noma de Madrid<br>Gisela Cebri\u00e1n Bernat, Universitat Rovira i Virgili<br>Javier Murillo, Universidade Aut\u00f3noma de Madrid<br>Jesus Domingo Segovia, Universidade de Granada<br>Juli\u00e1n Lopez Ya\u00f1ez, Universidade de Sevilla<br>Juan Manuel Escudero, Universidad de Murcia<br>Juana Mar\u00eda Tierno Garc\u00eda, Universitat Rovira i Virgili<br>Manuela Raposo, UNiversidade de Vigo<br>Mar\u00eda Bego\u00f1a Alfageme, Universidade de M\u00farcia<br>Mireia Tintor\u00e9, Universidad Internacional de Catalunya<br>Anna Jolonch, Centro de Liderazgo Educativo (LID), Barcelona<br>Mar\u00eda Jos\u00e9 Le\u00f3n Guerrero, Universidade de Granada<br>Maria Angeles Pilar Parrilla Latas, Universidade de Vigo<br>Marita S\u00e1nchez Moreno, Universidad de Sevilla<br>Maria Jes\u00fas Rodriguez Entrena, Universidade de Murcia<br>Pilar Garc\u00eda Rodr\u00edguez, Universidade de Huelva<br>Raquel Gra\u00f1a, Universidad Aut\u00f3noma de Madrid<br>Rosario Cerrillo, Universidad Aut\u00f3noma de Madrid<\/p>\n\n\n\n<p><strong>Argentina<\/strong><br>Claudia Romero, Universidad Torcuao Di Tella<br>Corina Lusqui\u00f1os, Universidad Blas Pascal<br>Gabriela Krichesky, Universidad Torcuato Di Tella<\/p>\n\n\n\n<p><strong>Chile<\/strong><br>Andrea Horn, Universidad Cat\u00f3lica Silva Henr\u00edquez<br>Carmen Montecinos, Pontificia Universidad Cat\u00f3lica de Valpara\u00edso<br>Gonzalo Mu\u00f1oz, Universidad Diego Portales<br>Jose Weinstein, Universidad Diego Portales<br>Mario Uribe, Universidad Diego Portales<br>Oscar Cabrera, Universidad Cat\u00f3lica Silva Henr\u00edquez<br>Sergio Garay, Universidad Andr\u00e9s Bello<\/p>\n\n\n\n<p><strong>M\u00e9xico<\/strong><br>Miguel Angel D\u00edaz Delgado, Interleader, Univesidad Guadalajara<\/p>\n\n\n\n<p><br><\/p>\n\n\n\n<p><br><\/p>\n\n\n\n<p><\/p>\n\n\n\n<p>* Em atualiza\u00e7\u00e3o.<\/p>\n\n\n\n<p><a href=\"https:\/\/www-fpce-up-pt.translate.goog\/cilme2024\/?_x_tr_sl=pt&amp;_x_tr_tl=es&amp;_x_tr_hl=pt-BR&amp;_x_tr_pto=wapp\">Clic aqu\u00ed para acceder al sitio web en Espa\u00f1ol<\/a>.<br><br><\/p>\n\n\n\n<p><a href=\"https:\/\/www-fpce-up-pt.translate.goog\/cilme2024\/?_x_tr_sl=pt&amp;_x_tr_tl=en&amp;_x_tr_hl=pt-BR&amp;_x_tr_pto=wapp\">Click here to access the website in English. <\/a><\/p>\n","protected":false},"excerpt":{"rendered":"<p>Institui\u00e7\u00f5es* Rede Internacional sobre a Lideran\u00e7a e Melhoria na Educa\u00e7\u00e3o (RILME) Centro de Investiga\u00e7\u00e3o e Interven\u00e7\u00e3o Educativas (CIIE) Faculdade de Psicologia e de Ci\u00eancias da Educa\u00e7\u00e3o da Universidade Porto (FPCEUP) Associa\u00e7\u00e3o Nacional de Diretores de Agrupamentos e Escolas P\u00fablicas (ANDAEP) Associa\u00e7\u00e3o Nacional de Dirigentes Escolares (ANDE) Comiss\u00e3o Organizadora* Carlinda Leite (Coord.) &#8211; CIIE, Faculdade de [&hellip;]<\/p>\n","protected":false},"author":1103,"featured_media":0,"parent":0,"menu_order":0,"comment_status":"closed","ping_status":"closed","template":"","meta":{"footnotes":""},"class_list":["post-704","page","type-page","status-publish","hentry","post"],"_links":{"self":[{"href":"https:\/\/www.fpce.up.pt\/cilme2024\/wp-json\/wp\/v2\/pages\/704","targetHints":{"allow":["GET"]}}],"collection":[{"href":"https:\/\/www.fpce.up.pt\/cilme2024\/wp-json\/wp\/v2\/pages"}],"about":[{"href":"https:\/\/www.fpce.up.pt\/cilme2024\/wp-json\/wp\/v2\/types\/page"}],"author":[{"embeddable":true,"href":"https:\/\/www.fpce.up.pt\/cilme2024\/wp-json\/wp\/v2\/users\/1103"}],"replies":[{"embeddable":true,"href":"https:\/\/www.fpce.up.pt\/cilme2024\/wp-json\/wp\/v2\/comments?post=704"}],"version-history":[{"count":59,"href":"https:\/\/www.fpce.up.pt\/cilme2024\/wp-json\/wp\/v2\/pages\/704\/revisions"}],"predecessor-version":[{"id":2036,"href":"https:\/\/www.fpce.up.pt\/cilme2024\/wp-json\/wp\/v2\/pages\/704\/revisions\/2036"}],"wp:attachment":[{"href":"https:\/\/www.fpce.up.pt\/cilme2024\/wp-json\/wp\/v2\/media?parent=704"}],"curies":[{"name":"wp","href":"https:\/\/api.w.org\/{rel}","templated":true}]}}