{"id":723,"date":"2022-11-09T17:03:28","date_gmt":"2022-11-09T17:03:28","guid":{"rendered":"http:\/\/wp.up.pt\/cilme2024\/?page_id=723"},"modified":"2024-03-27T01:53:23","modified_gmt":"2024-03-27T01:53:23","slug":"submissoes","status":"publish","type":"page","link":"https:\/\/www.fpce.up.pt\/cilme2024\/submissoes\/","title":{"rendered":"Submiss\u00f5es"},"content":{"rendered":"\n<p><br><\/p>\n\n\n\n<p><a href=\"https:\/\/www-fpce-up-pt.translate.goog\/cilme2024\/?_x_tr_sl=pt&amp;_x_tr_tl=es&amp;_x_tr_hl=pt-BR&amp;_x_tr_pto=wapp\">Clic aqu\u00ed para acceder al sitio web en Espa\u00f1ol<\/a>.<br><\/p>\n\n\n\n<p><a href=\"https:\/\/www-fpce-up-pt.translate.goog\/cilme2024\/?_x_tr_sl=pt&amp;_x_tr_tl=en&amp;_x_tr_hl=pt-BR&amp;_x_tr_pto=wapp\">Click here to access the website in English.<\/a><\/p>\n\n\n\n<p><br>Ser\u00e3o aceites resumos de comunica\u00e7\u00f5es, posters ou simp\u00f3sios (respeitando as regras de submiss\u00e3o*), estes podem ser apresentados em portugu\u00eas ou espanhol. <\/p>\n\n\n\n<p>Todas as participa\u00e7\u00f5es\/contribui\u00e7\u00f5es dever\u00e3o ser presenciais.<\/p>\n\n\n\n<p>Os trabalhos devem ser originais, baseados em experi\u00eancias pr\u00e1ticas e\/ou investiga\u00e7\u00e3o realizada ou em curso.<\/p>\n\n\n\n<p>As\/os autoras\/es dos resumos aceites poder\u00e3o vir a ser convidadas\/os a submeter um texto completo a publicar, ap\u00f3s o encontro, no livro de atas do <strong>V CILME<\/strong>. <\/p>\n\n\n\n<p>Nota:<\/p>\n\n\n\n<ul class=\"wp-block-list\">\n<li>N\u00e3o h\u00e1 limite de n\u00famero de autores\/as por proposta submetida.<\/li>\n\n\n\n<li>Cada autor\/a poder\u00e1 submeter at\u00e9 03 propostas.<\/li>\n\n\n\n<li>H\u00e1 um limite nas apresenta\u00e7\u00f5es orais: cada autor\/a pode apresentar at\u00e9 02 comunica\u00e7\u00f5es.<\/li>\n<\/ul>\n\n\n\n<p class=\"has-medium-font-size\">Submiss\u00e3o de resumos at\u00e9&nbsp;<s>16 DE FEVEREIRO DE 2024<\/s> <br><strong>26 DE FEVEREIRO DE 2024<\/strong> *** LAST CALL ***<br><a href=\"https:\/\/cilme2024.eventqualia.net\/pt\/in%C3%ADcio\/\"><strong>Clique aqui para aceder a plataforma de submiss\u00e3o de resumos<\/strong><\/a>.<\/p>\n\n\n\n<p class=\"has-medium-font-size\"><\/p>\n\n\n\n<p class=\"has-medium-font-size\">Comunica\u00e7\u00e3o da aceita\u00e7\u00e3o: <s><strong>at\u00e9 11 de mar\u00e7o de 2024.<\/strong>**<\/s> <strong>at\u00e9 dia 13 de mar\u00e7o de 2024.<\/strong>**<br><\/p>\n\n\n\n<p class=\"has-small-font-size\"><br>**Participantes que recorrer\u00e3o a algum tipo de apoio \u00e0 participa\u00e7\u00e3o em eventos no exterior (Ex: CNPq, CAPES, FAPES, outros) \u00e9 favor enviar-nos e-mail informando a situa\u00e7\u00e3o: cilme2024@fpce.up.pt<\/p>\n\n\n\n<p><br><br>A <a href=\"https:\/\/cilme2024.eventqualia.net\/pt\/in%C3%ADcio\/\">submiss\u00e3o das propostas<\/a> ser\u00e1 imputada diretamente no <a href=\"https:\/\/cilme2024.eventqualia.net\/pt\/in%C3%ADcio\/\">site destinado a submiss\u00f5es<\/a>. Pedimos para se ter em conta os seguintes crit\u00e9rios: <\/p>\n\n\n\n<ul class=\"wp-block-list\">\n<li>Ser\u00e3o aceites propostas em Portugu\u00eas e Espanhol;<br><br><\/li>\n\n\n\n<li>M\u00e1ximo de 350 palavras por submiss\u00e3o (refer\u00eancias bibliogr\u00e1ficas n\u00e3o inclu\u00eddas); <br><br><\/li>\n\n\n\n<li>As refer\u00eancias bibliogr\u00e1ficas devem ser de acordo com a Norma APA 7<sup>ed<\/sup>;<br><br><\/li>\n\n\n\n<li>\u00c9 preciso informar nome(s) do(a\/as\/os) autor(a\/as\/es), afilia\u00e7\u00e3o institucional, pa\u00eds, contacto de e-mail do(a\/as\/os) autor(a\/as\/es), indicar o\/a autor(a) que ir\u00e1 apresentar. <br><br><\/li>\n\n\n\n<li>Indicar o eixo tem\u00e1tico onde se insere o trabalho:<\/li>\n<\/ul>\n\n\n\n<p><strong>Eixo 1 \u2013 Pol\u00edticas de educa\u00e7\u00e3o e de forma\u00e7\u00e3o: <br><\/strong>&#8211; Pol\u00edticas de educa\u00e7\u00e3o na sua rela\u00e7\u00e3o com a justi\u00e7a social; <br>&#8211; Pol\u00edticas de educa\u00e7\u00e3o orientadas para a transforma\u00e7\u00e3o e emancipa\u00e7\u00e3o; <br>&#8211; Pol\u00edticas de Administra\u00e7\u00e3o escolar;<br>&#8211; Pol\u00edticas curriculares e de forma\u00e7\u00e3o de professores.<br><br><strong>Eixo 2 \u2013 Culturas institucionais no campo da educa\u00e7\u00e3o: <br><\/strong>&#8211; Culturas escolares na sua rela\u00e7\u00e3o com lideran\u00e7as e comunidades de aprendizagem; <br>&#8211; Culturas escolares organizadas para a inova\u00e7\u00e3o e a participa\u00e7\u00e3o;<br>&#8211; Culturas escolares orientadas para uma educa\u00e7\u00e3o inclusiva.<br><br><strong>Eixo 3 \u2013 Pr\u00e1ticas educacionais: <br><\/strong>&#8211; Pr\u00e1ticas educativas e comunidades de aprendizagem;<br>&#8211; Pr\u00e1ticas educacionais na era da intelig\u00eancia artificial.<br><\/p>\n\n\n\n<p><a href=\"https:\/\/cilme2024.eventqualia.net\/pt\/in%C3%ADcio\/\"><strong>PLATAFORMA DE SUBMISS\u00c3O DE RESUMOS<\/strong><br><\/a>https:\/\/cilme2024.eventqualia.net\/pt\/in%C3%ADcio\/<br><br><strong>INFORMA\u00c7\u00c3O IMPORTANTE <\/strong><br><br>Os resumos aceites com necessidade de altera\u00e7\u00f5es devem ser enviados para o e-mail:  <strong>cilme2024@fpce.up.pt<\/strong><br><br>Dever\u00e3o colocar no assunto do e-mail (substituir pelos seus dados de inscri\u00e7\u00e3o): <strong>V CILME  &#8211; C\u00d3DIGO DE INSCRI\u00c7\u00c3O &#8211; &#8220;T\u00cdTULO DA PROPOSTA&#8221;<\/strong>.<br>&#8211; O texto deve seguir as normas previamente anunciadas. <br>&#8211; O texto deve vir no corpo do e-mail na seguinte ordem: <strong>T\u00edtulo \/ Autoras(es) \/ Resumo \/ Palavras-chave \/ Refer\u00eancias bibliogr\u00e1ficas. <\/strong><br><br>O prazo para o envio das propostas com as altera\u00e7\u00f5es solicitadas pelos revisoras\/es \u00e9 at\u00e9 <strong>18 de mar\u00e7o de 2024. <\/strong><br><br><br><strong>COMUNICA\u00c7\u00d5ES ORAIS<\/strong><br><br>Caso se trate de uma comunica\u00e7\u00e3o sobre investiga\u00e7\u00e3o, o resumo deve conter: T\u00edtulo; Objetivos do estudo ou perguntas de investiga\u00e7\u00e3o a que o estudo pretende responder; Referencial te\u00f3rico; Metodologia; Resultados alcan\u00e7ados\/esperados; Refer\u00eancias bibliogr\u00e1ficas. Se for uma comunica\u00e7\u00e3o sobre Experi\u00eancias, o resumo obedecer\u00e1 \u00e0s seguinte estrutura: Introdu\u00e7\u00e3o, Contexto, Desenvolvimento da Experi\u00eancia, Conclus\u00f5es e Refer\u00eancias bibliogr\u00e1ficas. <br><br>As comunica\u00e7\u00f5es orais ocorrer\u00e3o nas sess\u00f5es paralelas, em organiza\u00e7\u00e3o a ser divulgada brevemente no menu <a href=\"http:\/\/wp.up.pt\/cilme2024\/programas\/\">Programa<\/a>.<br>As apresenta\u00e7\u00f5es ser\u00e3o organizadas por eixos tem\u00e1ticos. Cada participante ter\u00e1, aproximadamente, 12 a 15 minutos para apresentar o seu trabalho. <\/p>\n\n\n\n<p><br><strong><em>Template <\/em>para apresenta\u00e7\u00e3o das comunica\u00e7\u00f5es orais:<\/strong> <\/p>\n\n\n\n<div class=\"wp-block-file\"><a id=\"wp-block-file--media-d5040cfc-356f-446c-9c2b-6c55337d3576\" href=\"https:\/\/www.fpce.up.pt\/cilme2024\/wp-content\/uploads\/sites\/1025\/2024\/03\/Template_Slides_VCILME.pptx\">Template_Slides_VCILME<\/a><a href=\"https:\/\/www.fpce.up.pt\/cilme2024\/wp-content\/uploads\/sites\/1025\/2024\/03\/Template_Slides_VCILME.pptx\" class=\"wp-block-file__button wp-element-button\" download aria-describedby=\"wp-block-file--media-d5040cfc-356f-446c-9c2b-6c55337d3576\">Descarregar<\/a><\/div>\n\n\n\n<p><br><br><strong>POSTERS<\/strong><\/p>\n\n\n\n<p>Resumo da investiga\u00e7\u00e3o ou experi\u00eancia educacional, m\u00e1ximo 350 palavras, incluindo: T\u00edtulo do poster; Nome e institui\u00e7\u00e3o do(a\/as\/os) autor(a\/as\/es); Palavras-chave (m\u00e1ximo de 05 palavras). O resumo obedecer\u00e1 \u00e0s seguinte estrutura: Objetivos; M\u00e9todo; Discuss\u00e3o; Conclus\u00f5es; Refer\u00eancias.<\/p>\n\n\n\n<p><strong><em>Template <\/em>para poster: <\/strong><\/p>\n\n\n\n<div class=\"wp-block-file\"><a id=\"wp-block-file--media-078e5603-b980-4feb-a73b-93d2c5248665\" href=\"https:\/\/www.fpce.up.pt\/cilme2024\/wp-content\/uploads\/sites\/1025\/2024\/03\/Template_Poster_VCILME.pptx\">Template_Poster_VCILME<\/a><a href=\"https:\/\/www.fpce.up.pt\/cilme2024\/wp-content\/uploads\/sites\/1025\/2024\/03\/Template_Poster_VCILME.pptx\" class=\"wp-block-file__button wp-element-button\" download aria-describedby=\"wp-block-file--media-078e5603-b980-4feb-a73b-93d2c5248665\">Descarregar<\/a><\/div>\n\n\n\n<p><br><strong>SIMP\u00d3SIOS<\/strong><\/p>\n\n\n\n<p>Um simp\u00f3sio \u00e9 um conjunto de comunica\u00e7\u00f5es que responde a uma mesma linha tem\u00e1tica e com um prop\u00f3sito comunicativo comum. Cada simp\u00f3sio ser\u00e1 composto por no m\u00ednimo duas e no m\u00e1ximo quatro comunica\u00e7\u00f5es, mais o\/a coordenador\/a. Somente um\/a coordenador\/a poder\u00e1 ser proposto para cada um dos simp\u00f3sios. O\/a coordenador\/a do simp\u00f3sio apresentar\u00e1 um texto \u00fanico e integrado que incluir\u00e1 uma breve justificativa e apresenta\u00e7\u00e3o do mesmo, bem como cada uma das contribui\u00e7\u00f5es. As contribui\u00e7\u00f5es para o simp\u00f3sio dever\u00e3o atender \u00e0s mesmas caracter\u00edsticas das comunica\u00e7\u00f5es. A justificativa\/apresenta\u00e7\u00e3o do\/a coordenador\/a n\u00e3o ultrapassar\u00e1 1000 palavras. Para aceita\u00e7\u00e3o final do simp\u00f3sio, todas\/os as\/os participantes dever\u00e3o estar inscritas\/os no congresso e dever\u00e3o ter pago as taxas de inscri\u00e7\u00e3o. O simp\u00f3sio dever\u00e1 ser apresentado durante o <strong>V CILME.<\/strong><\/p>\n\n\n\n<p><strong><em>Template <\/em>para apresenta\u00e7\u00e3o oral<\/strong>:<\/p>\n\n\n\n<div class=\"wp-block-file\"><a id=\"wp-block-file--media-edb5c745-f7d0-415d-800d-fe2c117cc937\" href=\"https:\/\/www.fpce.up.pt\/cilme2024\/wp-content\/uploads\/sites\/1025\/2024\/03\/Template_Slides_VCILME-1.pptx\">Template_Slides_VCILME-1<\/a><a href=\"https:\/\/www.fpce.up.pt\/cilme2024\/wp-content\/uploads\/sites\/1025\/2024\/03\/Template_Slides_VCILME-1.pptx\" class=\"wp-block-file__button wp-element-button\" download aria-describedby=\"wp-block-file--media-edb5c745-f7d0-415d-800d-fe2c117cc937\">Descarregar<\/a><\/div>\n\n\n\n<p><br><strong>TEXTO COMPLETO PARA LIVRO DE ATAS DO V CILME <\/strong><\/p>\n\n\n\n<p>Os participantes que desejarem publicar seus textos no livro de atas a ser lan\u00e7ado ap\u00f3s o V CILME, poder\u00e3o seguir o modelo de template dispon\u00edvel no site obedecendo as regras de submiss\u00e3o conforme documento orientador. A extens\u00e3o m\u00e1xima dos textos n\u00e3o poder\u00e1 ultrapassar 5000 palavras, incluindo as refer\u00eancias bibliogr\u00e1ficas.<\/p>\n\n\n\n<p><strong><em>Template <\/em>para submiss\u00e3o de artigo nas atas do V CILME:<\/strong><\/p>\n\n\n\n<div class=\"wp-block-file\"><a id=\"wp-block-file--media-96b4113b-4475-4dba-b0ab-941acdc12fb4\" href=\"https:\/\/www.fpce.up.pt\/cilme2024\/wp-content\/uploads\/sites\/1025\/2024\/03\/Template_-Artigo_VCILME.docx\">Template_-Artigo_VCILME<\/a><a href=\"https:\/\/www.fpce.up.pt\/cilme2024\/wp-content\/uploads\/sites\/1025\/2024\/03\/Template_-Artigo_VCILME.docx\" class=\"wp-block-file__button wp-element-button\" download aria-describedby=\"wp-block-file--media-96b4113b-4475-4dba-b0ab-941acdc12fb4\">Descarregar<\/a><\/div>\n\n\n\n<p><\/p>\n\n\n\n<p><br><br><br>*P\u00e1gina em atualiza\u00e7\u00e3o.<\/p>\n\n\n\n<p><\/p>\n","protected":false},"excerpt":{"rendered":"<p>Clic aqu\u00ed para acceder al sitio web en Espa\u00f1ol. Click here to access the website in English. Ser\u00e3o aceites resumos de comunica\u00e7\u00f5es, posters ou simp\u00f3sios (respeitando as regras de submiss\u00e3o*), estes podem ser apresentados em portugu\u00eas ou espanhol. Todas as participa\u00e7\u00f5es\/contribui\u00e7\u00f5es dever\u00e3o ser presenciais. Os trabalhos devem ser originais, baseados em experi\u00eancias pr\u00e1ticas e\/ou investiga\u00e7\u00e3o [&hellip;]<\/p>\n","protected":false},"author":1103,"featured_media":0,"parent":0,"menu_order":4,"comment_status":"closed","ping_status":"closed","template":"","meta":{"footnotes":""},"class_list":["post-723","page","type-page","status-publish","hentry","post"],"_links":{"self":[{"href":"https:\/\/www.fpce.up.pt\/cilme2024\/wp-json\/wp\/v2\/pages\/723","targetHints":{"allow":["GET"]}}],"collection":[{"href":"https:\/\/www.fpce.up.pt\/cilme2024\/wp-json\/wp\/v2\/pages"}],"about":[{"href":"https:\/\/www.fpce.up.pt\/cilme2024\/wp-json\/wp\/v2\/types\/page"}],"author":[{"embeddable":true,"href":"https:\/\/www.fpce.up.pt\/cilme2024\/wp-json\/wp\/v2\/users\/1103"}],"replies":[{"embeddable":true,"href":"https:\/\/www.fpce.up.pt\/cilme2024\/wp-json\/wp\/v2\/comments?post=723"}],"version-history":[{"count":96,"href":"https:\/\/www.fpce.up.pt\/cilme2024\/wp-json\/wp\/v2\/pages\/723\/revisions"}],"predecessor-version":[{"id":2062,"href":"https:\/\/www.fpce.up.pt\/cilme2024\/wp-json\/wp\/v2\/pages\/723\/revisions\/2062"}],"wp:attachment":[{"href":"https:\/\/www.fpce.up.pt\/cilme2024\/wp-json\/wp\/v2\/media?parent=723"}],"curies":[{"name":"wp","href":"https:\/\/api.w.org\/{rel}","templated":true}]}}