{"id":729,"date":"2022-11-09T17:03:45","date_gmt":"2022-11-09T17:03:45","guid":{"rendered":"http:\/\/wp.up.pt\/cilme2024\/?page_id=729"},"modified":"2024-05-22T14:48:04","modified_gmt":"2024-05-22T14:48:04","slug":"programas","status":"publish","type":"page","link":"https:\/\/www.fpce.up.pt\/cilme2024\/programas\/","title":{"rendered":"Programa"},"content":{"rendered":"\n<p class=\"has-text-align-center has-medium-font-size\"><br><strong>V Congresso Internacional Lideran\u00e7a e Melhoria da Educa\u00e7\u00e3o<\/strong><\/p>\n\n\n\n<p class=\"has-text-align-center has-medium-font-size\"><strong>&nbsp;\u2013 Escola, Democracia e Mudan\u00e7a \u2013 <\/strong><\/p>\n\n\n\n<p class=\"has-text-align-center has-medium-font-size\"><strong><a href=\"https:\/\/sigarra.up.pt\/fpceup\/pt\/web_base.gera_pagina?p_pagina=1942\">FPCEUP<\/a>, Porto, Portugal <\/strong>| <strong>27, 28 e 29 maio, 2024<\/strong><\/p>\n\n\n\n<p class=\"has-text-align-center\"><br>Clique aqui para aceder o <strong><a href=\"https:\/\/docs.google.com\/document\/d\/1F-7w2YD5ycIhcTa8rxbdPaf5wtcIPmn7M2Av_PnK3GQ\/edit?usp=sharing\" target=\"_blank\" rel=\"noreferrer noopener\">PROGRAMA PROVIS\u00d3RIO<\/a>&nbsp;<\/strong>do V CILME (com detalhamento das <strong>Sess\u00f5es Paralelas de comunica\u00e7\u00f5es e simp\u00f3sios<\/strong>). <\/p>\n\n\n\n<p><\/p>\n\n\n\n<p class=\"has-medium-font-size\"><strong>Dia 27 (manh\u00e3 e tarde)<\/strong><\/p>\n\n\n\n<figure class=\"wp-block-table\"><table><tbody><tr><td>08h30<\/td><td>Abertura do Secretariado<\/td><\/tr><tr><td>9h00 \u2013 9h30<\/td><td>Sess\u00e3o de abertura<\/td><\/tr><tr><td>9h30 \u2013 10h30<\/td><td><strong>Confer\u00eancia<\/strong> &#8220;Escola, justi\u00e7a e democracia, 50 anos depois&#8221;, <strong><a href=\"https:\/\/www.fpce.up.pt\/cilme2024\/oradores\/\">Joaquim Azevedo<\/a> \u2013 Universidade Cat\u00f3lica do Porto<\/strong> &nbsp;<br><br>Modera\u00e7\u00e3o de <a href=\"https:\/\/www.fpce.up.pt\/ciie\/?q=researchers\/jos%C3%A9-pedro-amorim\">Jos\u00e9 Pedro Amorim<\/a> (CIIE\/FPCEUP)&nbsp;<\/td><\/tr><tr><td>10h30 \u2013 11h00<\/td><td><strong>Coffee break<\/strong> &nbsp;<\/td><\/tr><tr><td>11h00 \u2013 12h30<\/td><td><strong>Sess\u00f5es Paralelas de comunica\u00e7\u00f5es e simp\u00f3sios<\/strong><br><br><strong>Simp\u00f3sio &#8211; Construir a Identidade das Escolas | Organizado pela ANDE<\/strong><br><br>Carlos Louro, Diretor do AE de Ponte da Barca (dire\u00e7\u00e3o da ANDE)<br>Francisco Queir\u00f3s, Diretor da Escola Secund\u00e1ria de Paredes (dire\u00e7\u00e3o da ANDE)<br>Anabela Leal, Diretora da Escola Secund\u00e1ria de Felgueiras (dire\u00e7\u00e3o da ANDE)<br><br>Coordena\u00e7\u00e3o e Modera\u00e7\u00e3o de <a href=\"https:\/\/www.fpce.up.pt\/cilme2024\/oradores\/\">Manuel A. Pereira<\/a>, Presidente da ANDE<\/td><\/tr><tr><td>12h30 \u2013 14h30<\/td><td><strong>&nbsp;<\/strong><strong>Almo\u00e7o livre<\/strong> <strong>&nbsp;<\/strong><\/td><\/tr><tr><td>14h30 \u2013 16h00<\/td><td><strong>Mesa-redonda 1<\/strong><br><strong>Pol\u00edticas de Justi\u00e7a Social \u2013 dos enunciados discursivos \u00e0 sua concretiza\u00e7\u00e3o escolar<\/strong><br><br><a href=\"https:\/\/www.fpce.up.pt\/cilme2024\/oradores\/\">Javier Murillo <\/a>(UAM\/Espanha)<br><a href=\"https:\/\/www.fpce.up.pt\/cilme2024\/oradores\/\">Jose Weinstein <\/a>(U. DIEGO PORTALES\/Chile)<br><a href=\"https:\/\/www.fpce.up.pt\/cilme2024\/oradores\/\">Dora Castro<\/a> (UAVEIRO\/Portugal)<br><br>Modera\u00e7\u00e3o de Am\u00e9lia Lopes (CIIE\/FPCEUP)<br><br>Debate<br><\/td><\/tr><tr><td>16h00 \u2013 16h30<\/td><td><strong>Coffee break<\/strong> <strong>&nbsp;<\/strong><\/td><\/tr><tr><td>16h30 \u2013 18h00<\/td><td><strong>Sess\u00f5es Paralelas de comunica\u00e7\u00f5es e simp\u00f3sios<\/strong><br><\/td><\/tr><tr><td>18h00 \u2013 18h30<\/td><td>Apresenta\u00e7\u00e3o do livro &#8220;Tiempo para el liderazgo educativo&#8221;.<\/td><\/tr><tr><td>18h30<\/td><td><strong>Sess\u00e3o cultural<\/strong><\/td><\/tr><\/tbody><\/table><\/figure>\n\n\n\n<p class=\"has-medium-font-size\"><strong>Dia 28 (manh\u00e3 e tarde)<\/strong><\/p>\n\n\n\n<figure class=\"wp-block-table\"><table><tbody><tr><td>8h30 \u2013 10h00<\/td><td><strong>Sess\u00f5es Paralelas de comunica\u00e7\u00f5es, simp\u00f3sios e p\u00f3steres<\/strong><\/td><\/tr><tr><td>10h00 \u2013 10h30<\/td><td><strong>Coffee break<\/strong> <strong>&nbsp;<\/strong><\/td><\/tr><tr><td>10h30 \u2013 12h00<\/td><td><strong>Mesa-redonda 2<\/strong><br><strong>Culturas escolares transformadoras: lideran\u00e7as e comunidades de aprendizagem<\/strong> <br><br><a href=\"https:\/\/www.fpce.up.pt\/cilme2024\/oradores\/\">Jesus Domingo Segovia<\/a> (UGRANADA\/Espanha)<br><a href=\"https:\/\/www.fpce.up.pt\/cilme2024\/oradores\/\">Julian Lopez Ya\u00f1ez <\/a>(USEVILHA\/Espanha)<br><a href=\"https:\/\/www.fpce.up.pt\/cilme2024\/oradores\/\">Leonor Torres<\/a> (UMINHO\/Portugal)<br><br>Modera\u00e7\u00e3o de <a href=\"https:\/\/www.fpce.up.pt\/cilme2024\/oradores\/\">Paulo Marinho<\/a> (CIIE\/FPCEUP)<br><br>Debate<\/td><\/tr><tr><td>12h00 \u201314h00<\/td><td><strong>(Apresenta\u00e7\u00e3o e debate de p\u00f3sters)<\/strong><br><br><strong>Almo\u00e7o livre<\/strong><\/td><\/tr><tr><td>14h00 \u2013 15h30<\/td><td><strong>Sess\u00f5es Paralelas de comunica\u00e7\u00f5es e simp\u00f3sio<\/strong> <strong>&nbsp;<\/strong><br><br><strong>Simp\u00f3sio &#8211; Liderar para a mudan\u00e7a na escola | Organizado pela ANDAEP<br><\/strong><br>Matias Alves, Universidade Cat\u00f3lica do Porto<br>S\u00edlvia Evangelista Vidinha, Diretora do AE de Santa Maria Maior, Viana do Castelo<br><br>Coordena\u00e7\u00e3o e Modera\u00e7\u00e3o de <a href=\"https:\/\/www.fpce.up.pt\/cilme2024\/oradores\/\"><strong>\u00c1lvaro Santos<\/strong> <\/a>(Presidente da Mesa da AG da ANDAEP)<\/td><\/tr><tr><td>15h30 \u2013 17h00 &nbsp; &nbsp; &nbsp; &nbsp;<\/td><td><strong>Mesa-redonda 3<\/strong><br><strong>Inova\u00e7\u00e3o e mudan\u00e7a educacional \u2013 o papel das lideran\u00e7as interm\u00e9dias<\/strong><br><br><a href=\"https:\/\/www.fpce.up.pt\/cilme2024\/oradores\/\">Antonio Bol\u00edvar<\/a> (UGRANADA\/Espanha)<br><a href=\"https:\/\/www.fpce.up.pt\/cilme2024\/oradores\/\">Ariana Cosme<\/a> (IGEC\/Portugal)<br><a href=\"https:\/\/www.fpce.up.pt\/cilme2024\/oradores\/\">Claudia Romero <\/a>(UTDT\/Argentina)<br><br>Modera\u00e7\u00e3o de <a href=\"https:\/\/www.fpce.up.pt\/cilme2024\/oradores\/\">Carlinda Leite<\/a> (CIIE\/FPCEUP)<br><br>Debate<\/td><\/tr><tr><td>17h00 \u2013 17h30<\/td><td><strong>Coffee break<\/strong> <strong>&nbsp;<\/strong><\/td><\/tr><tr><td>17h30 \u2013 19h00<\/td><td><strong>Sess\u00f5es Paralelas de comunica\u00e7\u00f5es, simp\u00f3sios<\/strong><\/td><\/tr><tr><td>20h<\/td><td><strong>Jantar CILME 2024<\/strong><\/td><\/tr><\/tbody><\/table><\/figure>\n\n\n\n<p class=\"has-medium-font-size\"><strong>Dia 29 (manh\u00e3)<\/strong><\/p>\n\n\n\n<figure class=\"wp-block-table\"><table><tbody><tr><td>8h30 \u2013 10h<\/td><td><strong>Sess\u00f5es Paralelas de comunica\u00e7\u00f5es, simp\u00f3sios e p\u00f3steres<\/strong><\/td><\/tr><tr><td>10h00 \u2013 10h30<\/td><td><strong>Coffee break<\/strong><\/td><\/tr><tr><td>10h30 \u2013 12h00<\/td><td><strong>Mesa-redonda 4<\/strong> <br><strong>Investiga\u00e7\u00e3o educacional publicada nos \u00faltimos 10 anos \u2013 problem\u00e1ticas emergentes <\/strong><br><br><a href=\"https:\/\/www.fpce.up.pt\/cilme2024\/oradores\/\">Cynthia Mart\u00ednez-Garrido<\/a> (da Revista RIEJS)<br><a href=\"https:\/\/www.fpce.up.pt\/cilme2024\/oradores\/\">Sofia Marques da Silva<\/a> (da Revista ES&amp;C)<br><a href=\"https:\/\/www.fpce.up.pt\/cilme2024\/oradores\/\">Jesus Domingo Segovia<\/a> (da Revista El Profesorado)<br><br>Modera\u00e7\u00e3o de Preciosa Fernandes (CIIE\/FPCEUP)<br><br>Debate<\/td><\/tr><tr><td>12h00 \u2013 12h30&nbsp; &nbsp;<\/td><td>Sess\u00e3o de Encerramento do<strong><strong> V CILME<\/strong><\/strong><\/td><\/tr><\/tbody><\/table><\/figure>\n\n\n\n<p><br><br>*P\u00e1gina em atualiza\u00e7\u00e3o.<\/p>\n\n\n\n<p><a href=\"https:\/\/www-fpce-up-pt.translate.goog\/cilme2024\/?_x_tr_sl=pt&amp;_x_tr_tl=es&amp;_x_tr_hl=pt-BR&amp;_x_tr_pto=wapp\">Clic aqu\u00ed para acceder al sitio web en Espa\u00f1ol<\/a>.<br><br><\/p>\n\n\n\n<p><a href=\"https:\/\/www-fpce-up-pt.translate.goog\/cilme2024\/?_x_tr_sl=pt&amp;_x_tr_tl=en&amp;_x_tr_hl=pt-BR&amp;_x_tr_pto=wapp\">Click here to access the website in English. <\/a><\/p>\n","protected":false},"excerpt":{"rendered":"<p>V Congresso Internacional Lideran\u00e7a e Melhoria da Educa\u00e7\u00e3o &nbsp;\u2013 Escola, Democracia e Mudan\u00e7a \u2013 FPCEUP, Porto, Portugal | 27, 28 e 29 maio, 2024 Clique aqui para aceder o PROGRAMA PROVIS\u00d3RIO&nbsp;do V CILME (com detalhamento das Sess\u00f5es Paralelas de comunica\u00e7\u00f5es e simp\u00f3sios). Dia 27 (manh\u00e3 e tarde) 08h30 Abertura do Secretariado 9h00 \u2013 9h30 Sess\u00e3o [&hellip;]<\/p>\n","protected":false},"author":1103,"featured_media":0,"parent":0,"menu_order":5,"comment_status":"closed","ping_status":"closed","template":"","meta":{"footnotes":""},"class_list":["post-729","page","type-page","status-publish","hentry","post"],"_links":{"self":[{"href":"https:\/\/www.fpce.up.pt\/cilme2024\/wp-json\/wp\/v2\/pages\/729","targetHints":{"allow":["GET"]}}],"collection":[{"href":"https:\/\/www.fpce.up.pt\/cilme2024\/wp-json\/wp\/v2\/pages"}],"about":[{"href":"https:\/\/www.fpce.up.pt\/cilme2024\/wp-json\/wp\/v2\/types\/page"}],"author":[{"embeddable":true,"href":"https:\/\/www.fpce.up.pt\/cilme2024\/wp-json\/wp\/v2\/users\/1103"}],"replies":[{"embeddable":true,"href":"https:\/\/www.fpce.up.pt\/cilme2024\/wp-json\/wp\/v2\/comments?post=729"}],"version-history":[{"count":92,"href":"https:\/\/www.fpce.up.pt\/cilme2024\/wp-json\/wp\/v2\/pages\/729\/revisions"}],"predecessor-version":[{"id":2128,"href":"https:\/\/www.fpce.up.pt\/cilme2024\/wp-json\/wp\/v2\/pages\/729\/revisions\/2128"}],"wp:attachment":[{"href":"https:\/\/www.fpce.up.pt\/cilme2024\/wp-json\/wp\/v2\/media?parent=729"}],"curies":[{"name":"wp","href":"https:\/\/api.w.org\/{rel}","templated":true}]}}