{"id":735,"date":"2022-11-09T17:04:18","date_gmt":"2022-11-09T17:04:18","guid":{"rendered":"http:\/\/wp.up.pt\/cilme2024\/?page_id=735"},"modified":"2024-03-19T15:29:14","modified_gmt":"2024-03-19T15:29:14","slug":"inscricoes","status":"publish","type":"page","link":"https:\/\/www.fpce.up.pt\/cilme2024\/inscricoes\/","title":{"rendered":"Inscri\u00e7\u00f5es"},"content":{"rendered":"\n<figure class=\"wp-block-table\"><table><tbody><tr><td class=\"has-text-align-left\" data-align=\"left\"><strong>Datas<\/strong><\/td><td class=\"has-text-align-center\" data-align=\"center\"><strong>At\u00e9 25\/03\/2024<\/strong>*<br>(<em>Early bird registration<\/em>)<\/td><td class=\"has-text-align-center\" data-align=\"center\"><strong>De 25\/03 a 27\/05\/2024 <\/strong><\/td><\/tr><tr><td class=\"has-text-align-left\" data-align=\"left\">Estudantes<\/td><td class=\"has-text-align-center\" data-align=\"center\">80\u20ac<\/td><td class=\"has-text-align-center\" data-align=\"center\">100\u20ac<\/td><\/tr><tr><td class=\"has-text-align-left\" data-align=\"left\">Participantes em geral<\/td><td class=\"has-text-align-center\" data-align=\"center\">120\u20ac<\/td><td class=\"has-text-align-center\" data-align=\"center\">140\u20ac<\/td><\/tr><\/tbody><\/table><figcaption class=\"wp-element-caption\"><em>*Devido algumas quest\u00f5es sist\u00eamicas o prazo foi alargado para 25 de mar\u00e7o de 2024.<\/em><\/figcaption><\/figure>\n\n\n\n<p><strong>Nota<\/strong>: Participantes que recorrer\u00e3o a algum tipo de apoio \u00e0 participa\u00e7\u00e3o em eventos no exterior (Ex: CNPq, CAPES, FAPES, outros) \u00e9 favor enviar-nos e-mail informando a situa\u00e7\u00e3o: cilme2024@fpce.up.pt<\/p>\n\n\n\n<p>*** O evento decorrer\u00e1 em formato presencial ***<br><br><\/p>\n\n\n\n<p><strong><a href=\"https:\/\/cilme2024.eventqualia.net\/pt\/in%C3%ADcio\/\">Inscri\u00e7\u00f5es Aqui<\/a><\/strong><br><br><br><strong>Informa\u00e7\u00f5es sobre Pagamentos<\/strong><\/p>\n\n\n\n<ul class=\"wp-block-list\">\n<li>As inscri\u00e7\u00f5es podem pagas diretamente no <a href=\"http:\/\/cilme2024.eventqualia.net\/pt\/in\u00edcio\/\">site<\/a> atrav\u00e9s de cart\u00e3o de cr\u00e9dito. <br><br><\/li>\n\n\n\n<li class=\"has-medium-font-size\">Caso tenha d\u00favidas em rela\u00e7\u00e3o a inscri\u00e7\u00f5es e pagamentos \u00e9 favor enviar e-mail para:  congress@eventqualia.net<br><br><\/li>\n\n\n\n<li>Para apresenta\u00e7\u00f5es com mais de 01 autor(a) \u00e9 obrigat\u00f3rio a inscri\u00e7\u00e3o de quem ir\u00e1 se apresentar presencialmente no evento. A realiza\u00e7\u00e3o de inscri\u00e7\u00e3o dos demais autores \u00e9 opcional e mediante a participa\u00e7\u00e3o presencial, ou n\u00e3o, no evento. <\/li>\n<\/ul>\n\n\n\n<p><br><\/p>\n\n\n\n<p><strong>Termos e Condi\u00e7\u00f5es<\/strong><\/p>\n\n\n\n<ul class=\"wp-block-list\">\n<li>A taxa de inscri\u00e7\u00e3o inclui a assist\u00eancia \u00e0 confer\u00eancia, acesso ao material informativo e aos&nbsp;<em>coffee breaks<\/em>. <br><\/li>\n\n\n\n<li>O certificado de participa\u00e7\u00e3o ser\u00e1 enviado para o e-mail informado at\u00e9 30 dias ap\u00f3s o t\u00e9rmino do evento. <\/li>\n<\/ul>\n\n\n\n<ul class=\"wp-block-list\">\n<li>O valor da taxa de inscri\u00e7\u00e3o N\u00c3O inclui jantar conv\u00edvio, cujo pagamento ser\u00e1 feito em separado e no local (valor a definir \/ pago individualmente e por pessoa). Inscri\u00e7\u00f5es no jantar dever\u00e3o ser efetuadas atrav\u00e9s de formul\u00e1rio (em formul\u00e1rio).<\/li>\n<\/ul>\n\n\n\n<ul class=\"wp-block-list\">\n<li>O cancelamento da inscri\u00e7\u00e3o implica a perda total do valor da taxa de inscri\u00e7\u00e3o, n\u00e3o havendo lugar a reembolsos.<\/li>\n<\/ul>\n\n\n\n<p><\/p>\n\n\n\n<p>*P\u00e1gina em atualiza\u00e7\u00e3o.<br><\/p>\n\n\n\n<p><a href=\"https:\/\/www-fpce-up-pt.translate.goog\/cilme2024\/?_x_tr_sl=pt&amp;_x_tr_tl=es&amp;_x_tr_hl=pt-BR&amp;_x_tr_pto=wapp\">Clic aqu\u00ed para acceder al sitio web en Espa\u00f1ol<\/a>.<br><br><\/p>\n\n\n\n<p><a href=\"https:\/\/www-fpce-up-pt.translate.goog\/cilme2024\/?_x_tr_sl=pt&amp;_x_tr_tl=en&amp;_x_tr_hl=pt-BR&amp;_x_tr_pto=wapp\">Click here to access the website in English. <\/a><\/p>\n","protected":false},"excerpt":{"rendered":"<p>Datas At\u00e9 25\/03\/2024*(Early bird registration) De 25\/03 a 27\/05\/2024 Estudantes 80\u20ac 100\u20ac Participantes em geral 120\u20ac 140\u20ac *Devido algumas quest\u00f5es sist\u00eamicas o prazo foi alargado para 25 de mar\u00e7o de 2024. Nota: Participantes que recorrer\u00e3o a algum tipo de apoio \u00e0 participa\u00e7\u00e3o em eventos no exterior (Ex: CNPq, CAPES, FAPES, outros) \u00e9 favor enviar-nos e-mail [&hellip;]<\/p>\n","protected":false},"author":1103,"featured_media":0,"parent":0,"menu_order":0,"comment_status":"closed","ping_status":"closed","template":"","meta":{"footnotes":""},"class_list":["post-735","page","type-page","status-publish","hentry","post"],"_links":{"self":[{"href":"https:\/\/www.fpce.up.pt\/cilme2024\/wp-json\/wp\/v2\/pages\/735","targetHints":{"allow":["GET"]}}],"collection":[{"href":"https:\/\/www.fpce.up.pt\/cilme2024\/wp-json\/wp\/v2\/pages"}],"about":[{"href":"https:\/\/www.fpce.up.pt\/cilme2024\/wp-json\/wp\/v2\/types\/page"}],"author":[{"embeddable":true,"href":"https:\/\/www.fpce.up.pt\/cilme2024\/wp-json\/wp\/v2\/users\/1103"}],"replies":[{"embeddable":true,"href":"https:\/\/www.fpce.up.pt\/cilme2024\/wp-json\/wp\/v2\/comments?post=735"}],"version-history":[{"count":36,"href":"https:\/\/www.fpce.up.pt\/cilme2024\/wp-json\/wp\/v2\/pages\/735\/revisions"}],"predecessor-version":[{"id":2046,"href":"https:\/\/www.fpce.up.pt\/cilme2024\/wp-json\/wp\/v2\/pages\/735\/revisions\/2046"}],"wp:attachment":[{"href":"https:\/\/www.fpce.up.pt\/cilme2024\/wp-json\/wp\/v2\/media?parent=735"}],"curies":[{"name":"wp","href":"https:\/\/api.w.org\/{rel}","templated":true}]}}