{"id":746,"date":"2022-11-09T17:04:54","date_gmt":"2022-11-09T17:04:54","guid":{"rendered":"http:\/\/wp.up.pt\/cilme2024\/?page_id=746"},"modified":"2023-12-05T17:51:59","modified_gmt":"2023-12-05T17:51:59","slug":"contactos","status":"publish","type":"page","link":"https:\/\/www.fpce.up.pt\/cilme2024\/contactos\/","title":{"rendered":"Contactos"},"content":{"rendered":"\n<p><strong>Secretariado V CILME<br><\/strong>cilme2024@fpce.up.pt<br><br><strong>Secretariado Eventqualia<\/strong> <br>(D\u00favidas relacionadas \u00e0 inscri\u00e7\u00f5es, submiss\u00f5es,  pagamentos e fatura\u00e7\u00e3o, <a href=\"https:\/\/cilme2024.eventqualia.net\/pt\/in%C3%ADcio\/\">dificuldades\/problemas t\u00e9cnicos com a plataforma de submiss\u00e3o de propostas<\/a>).<br>congress@eventqualia.net<br><br><br><\/p>\n\n\n\n<p><a href=\"https:\/\/www-fpce-up-pt.translate.goog\/cilme2024\/?_x_tr_sl=pt&amp;_x_tr_tl=es&amp;_x_tr_hl=pt-BR&amp;_x_tr_pto=wapp\">Clic aqu\u00ed para acceder al sitio web en Espa\u00f1ol<\/a>.<br><br><\/p>\n\n\n\n<p><a href=\"https:\/\/www-fpce-up-pt.translate.goog\/cilme2024\/?_x_tr_sl=pt&amp;_x_tr_tl=en&amp;_x_tr_hl=pt-BR&amp;_x_tr_pto=wapp\">Click here to access the website in English. <\/a><\/p>\n\n\n\n<p><br><br><\/p>\n\n\n\n<div class=\"wp-block-columns is-layout-flex wp-container-core-columns-is-layout-9d6595d7 wp-block-columns-is-layout-flex\">\n<div class=\"wp-block-column is-layout-flow wp-block-column-is-layout-flow\"><div class=\"wp-block-image\">\n<figure class=\"alignleft size-full\"><img fetchpriority=\"high\" decoding=\"async\" width=\"2251\" height=\"245\" src=\"https:\/\/www.fpce.up.pt\/cilme2024\/wp-content\/uploads\/sites\/1025\/2023\/11\/Barra-de-logos-CILME.jpg\" alt=\"\" class=\"wp-image-1680\" srcset=\"https:\/\/www.fpce.up.pt\/cilme2024\/wp-content\/uploads\/sites\/1025\/2023\/11\/Barra-de-logos-CILME.jpg 2251w, https:\/\/www.fpce.up.pt\/cilme2024\/wp-content\/uploads\/sites\/1025\/2023\/11\/Barra-de-logos-CILME-300x33.jpg 300w, https:\/\/www.fpce.up.pt\/cilme2024\/wp-content\/uploads\/sites\/1025\/2023\/11\/Barra-de-logos-CILME-1024x111.jpg 1024w, https:\/\/www.fpce.up.pt\/cilme2024\/wp-content\/uploads\/sites\/1025\/2023\/11\/Barra-de-logos-CILME-768x84.jpg 768w, https:\/\/www.fpce.up.pt\/cilme2024\/wp-content\/uploads\/sites\/1025\/2023\/11\/Barra-de-logos-CILME-1536x167.jpg 1536w, https:\/\/www.fpce.up.pt\/cilme2024\/wp-content\/uploads\/sites\/1025\/2023\/11\/Barra-de-logos-CILME-2048x223.jpg 2048w\" sizes=\"(max-width: 2251px) 100vw, 2251px\" \/><\/figure>\n<\/div><\/div>\n<\/div>\n","protected":false},"excerpt":{"rendered":"<p>Secretariado V CILMEcilme2024@fpce.up.pt Secretariado Eventqualia (D\u00favidas relacionadas \u00e0 inscri\u00e7\u00f5es, submiss\u00f5es, pagamentos e fatura\u00e7\u00e3o, dificuldades\/problemas t\u00e9cnicos com a plataforma de submiss\u00e3o de propostas).congress@eventqualia.net Clic aqu\u00ed para acceder al sitio web en Espa\u00f1ol. Click here to access the website in English.<\/p>\n","protected":false},"author":1103,"featured_media":0,"parent":0,"menu_order":0,"comment_status":"closed","ping_status":"closed","template":"","meta":{"footnotes":""},"class_list":["post-746","page","type-page","status-publish","hentry","post"],"_links":{"self":[{"href":"https:\/\/www.fpce.up.pt\/cilme2024\/wp-json\/wp\/v2\/pages\/746","targetHints":{"allow":["GET"]}}],"collection":[{"href":"https:\/\/www.fpce.up.pt\/cilme2024\/wp-json\/wp\/v2\/pages"}],"about":[{"href":"https:\/\/www.fpce.up.pt\/cilme2024\/wp-json\/wp\/v2\/types\/page"}],"author":[{"embeddable":true,"href":"https:\/\/www.fpce.up.pt\/cilme2024\/wp-json\/wp\/v2\/users\/1103"}],"replies":[{"embeddable":true,"href":"https:\/\/www.fpce.up.pt\/cilme2024\/wp-json\/wp\/v2\/comments?post=746"}],"version-history":[{"count":17,"href":"https:\/\/www.fpce.up.pt\/cilme2024\/wp-json\/wp\/v2\/pages\/746\/revisions"}],"predecessor-version":[{"id":1811,"href":"https:\/\/www.fpce.up.pt\/cilme2024\/wp-json\/wp\/v2\/pages\/746\/revisions\/1811"}],"wp:attachment":[{"href":"https:\/\/www.fpce.up.pt\/cilme2024\/wp-json\/wp\/v2\/media?parent=746"}],"curies":[{"name":"wp","href":"https:\/\/api.w.org\/{rel}","templated":true}]}}