{"id":704,"date":"2022-11-09T16:57:53","date_gmt":"2022-11-09T16:57:53","guid":{"rendered":"http:\/\/wp.up.pt\/ic-burnoutparental\/?page_id=704"},"modified":"2024-01-18T13:54:12","modified_gmt":"2024-01-18T13:54:12","slug":"committees","status":"publish","type":"page","link":"https:\/\/www.fpce.up.pt\/ic-burnoutparental\/en\/committees\/","title":{"rendered":"Committees"},"content":{"rendered":"\n<p><br><\/p>\n\n\n\n<p><strong>Organizing Committee*<br><br><\/strong>Marisa Matias, Faculty of Psychology and Education Sciences, University of Porto<\/p>\n\n\n\n<p>Filipa C\u00e9sar, Faculty of Psychology and Education Sciences, University of Porto<\/p>\n\n\n\n<p>Anne Marie Fontaine, Faculty of Psychology and Education Sciences, University of Porto<\/p>\n\n\n\n<p>Carolina Garraio, Faculty of Psychology and Education Sciences, University of Porto<\/p>\n\n\n\n<p>Daniela Leal, Faculty of Psychology and Education Sciences, University of Porto<\/p>\n\n\n\n<p>Ines Vazquez, Faculty of Psychology and Education Sciences, University of Porto<\/p>\n\n\n\n<p>Jorge Gato, Faculty of Psychology and Education Sciences, University of Porto<\/p>\n\n\n\n<p>Joyce Aguiar, Centre for Research in Higher Education Policies<\/p>\n\n\n\n<p>Maria Filomena Gaspar, Faculty of Psychology and Education Sciences, University of Coimbra<\/p>\n\n\n\n<p>Richelme Costa, Faculty of Psychology and Education Sciences, University of Porto<\/p>\n\n\n\n<p>Susana Coimbra, Faculty of Psychology and Education Sciences, University of Porto<\/p>\n\n\n\n<p>Tiago Ferreira, Faculty of Psychology and Education Sciences, University of Porto<\/p>\n\n\n\n<p><br><br><strong>Scientific Committee*<br><br><\/strong>A. Meltem \u00dcst\u00fcnda\u011f-Budak, Department of Psychology, Bah\u00e7e\u015fehir University<\/p>\n\n\n\n<p>Ana Catarina Can\u00e1rio, Faculty of Psychology and Education Sciences, University of Porto<\/p>\n\n\n\n<p>Anne Marie Fontaine, Faculty of Psychology and Education Sciences, University of Porto<\/p>\n\n\n\n<p>Bin- Bin Chen, School of Social Development and Public Policy, Fudan University<\/p>\n\n\n\n<p>Cristina Rocha, Faculty of Psychology and Education Sciences, University of Porto<\/p>\n\n\n\n<p>Daniela Leal, Faculty of Psychology and Education Sciences, University of Porto<\/p>\n\n\n\n<p>Denisse Manrique-Millones, Facultad de Ciencias de la Salud, Carrera de Psicolog\u00eda, Universidad Cient\u00edfica del Sur<\/p>\n\n\n\n<p>Dorota Szczygie\u0142, Faculty of Psychology in Sopot, SWPS University of Social Sciences and Humanities<\/p>\n\n\n\n<p>Elizabeth Barham, Department of Psychology, Universidade Federal de S\u00e3o Carlos<\/p>\n\n\n\n<p>Filipa C\u00e9sar, Faculty of Psychology and Education Sciences, University of Porto<\/p>\n\n\n\n<p>Gizem Arikan, Department of Psychology, Ozyegin University<\/p>\n\n\n\n<p>Hedwig van Bakkel, Tilburg School of Social and Behavioral Sciences, Tilburg University<\/p>\n\n\n\n<p>Helena Grangeia, Prochild Colab<\/p>\n\n\n\n<p>Isabelle Roskam, Facult\u00e9 de Psychologie et des Sciences de l&#8217;\u00c9ducation, Universit\u00e9 Catholique de Louvain<\/p>\n\n\n\n<p>James Gross, Psychophysiology Laboratory, Stanford University<\/p>\n\n\n\n<p>Jorge Gato, Faculty of Psychology and Education Sciences, University of Porto<\/p>\n\n\n\n<p>Joyce Aguiar, Centre for Research in Higher Education Policies<\/p>\n\n\n\n<p>Kaichiro Furutani, Faculty of Business Administration,Hokkai-Ggakuen University<\/p>\n\n\n\n<p>Kaisa Aunola, Department of Psychology, University of Jyv\u00e4skyl\u00e4<\/p>\n\n\n\n<p>Maria Filomena Gaspar, Faculty of Psychology and Education Sciences, University of Coimbra<\/p>\n\n\n\n<p>Marisa Matias, Faculty of Psychology and Education Sciences, University of Porto<\/p>\n\n\n\n<p>Marlene Sousa, Prochild Colab<\/p>\n\n\n\n<p>Moira Mikolajczak, Facult\u00e9 de Psychologie et des Sciences de l&#8217;\u00c9ducation, Universit\u00e9 Catholique de Louvain<\/p>\n\n\n\n<p>Myrna Gannag\u00e9, Campus des Sciences Humaines, Universit\u00e9 Saint-Joseph<\/p>\n\n\n\n<p>Orlanda Cruz, Faculty of Psychology and Education Sciences, University of Porto<\/p>\n\n\n\n<p>Paula Mena Matos, Faculty of Psychology and Education Sciences, University of Porto<\/p>\n\n\n\n<p>Sofia Almeida Santos, Faculty of Psychology and Education Sciences, University of Porto<\/p>\n\n\n\n<p>Susana Coimbra, Faculty of Psychology and Education Sciences, University of Porto<\/p>\n\n\n\n<p>Tholene Sodi, Department of Psychology, University of Limpopo<\/p>\n\n\n\n<p>Tiago Ferreira, Faculty of Psychology and Education Sciences, University of Porto<\/p>\n\n\n\n<p><br><\/p>\n\n\n\n<p><\/p>\n\n\n\n<p>* In update.<\/p>\n","protected":false},"excerpt":{"rendered":"<p>Organizing Committee* Marisa Matias, Faculty of Psychology and Education Sciences, University of Porto Filipa C\u00e9sar, Faculty of Psychology and Education Sciences, University of Porto Anne Marie Fontaine, Faculty of Psychology and Education Sciences, University of Porto Carolina Garraio, Faculty of Psychology and Education Sciences, University of Porto Daniela Leal, Faculty of Psychology and Education Sciences, [&hellip;]<\/p>\n","protected":false},"author":1103,"featured_media":0,"parent":0,"menu_order":0,"comment_status":"closed","ping_status":"closed","template":"","meta":{"footnotes":""},"class_list":["post-704","page","type-page","status-publish","hentry","post"],"_links":{"self":[{"href":"https:\/\/www.fpce.up.pt\/ic-burnoutparental\/wp-json\/wp\/v2\/pages\/704","targetHints":{"allow":["GET"]}}],"collection":[{"href":"https:\/\/www.fpce.up.pt\/ic-burnoutparental\/wp-json\/wp\/v2\/pages"}],"about":[{"href":"https:\/\/www.fpce.up.pt\/ic-burnoutparental\/wp-json\/wp\/v2\/types\/page"}],"author":[{"embeddable":true,"href":"https:\/\/www.fpce.up.pt\/ic-burnoutparental\/wp-json\/wp\/v2\/users\/1103"}],"replies":[{"embeddable":true,"href":"https:\/\/www.fpce.up.pt\/ic-burnoutparental\/wp-json\/wp\/v2\/comments?post=704"}],"version-history":[{"count":64,"href":"https:\/\/www.fpce.up.pt\/ic-burnoutparental\/wp-json\/wp\/v2\/pages\/704\/revisions"}],"predecessor-version":[{"id":1788,"href":"https:\/\/www.fpce.up.pt\/ic-burnoutparental\/wp-json\/wp\/v2\/pages\/704\/revisions\/1788"}],"wp:attachment":[{"href":"https:\/\/www.fpce.up.pt\/ic-burnoutparental\/wp-json\/wp\/v2\/media?parent=704"}],"curies":[{"name":"wp","href":"https:\/\/api.w.org\/{rel}","templated":true}]}}