{"id":741,"date":"2022-11-09T17:04:40","date_gmt":"2022-11-09T17:04:40","guid":{"rendered":"http:\/\/wp.up.pt\/ic-burnoutparental\/?page_id=741"},"modified":"2024-07-25T11:22:05","modified_gmt":"2024-07-25T11:22:05","slug":"furtherinformation","status":"publish","type":"page","link":"https:\/\/www.fpce.up.pt\/ic-burnoutparental\/en\/furtherinformation\/","title":{"rendered":"Further information"},"content":{"rendered":"\n<p><strong>Venue:<\/strong><\/p>\n\n\n\n<p>FPCEUP &#8211; Rua Alfredo Allen, 4200-135 Porto &#8211; Portugal<\/p>\n\n\n\n<p>GPS: 41.175300, -8.604572<\/p>\n\n\n\n<figure class=\"wp-block-image size-large\"><img loading=\"lazy\" decoding=\"async\" width=\"1024\" height=\"576\" src=\"https:\/\/www.fpce.up.pt\/ic-burnoutparental\/wp-content\/uploads\/sites\/985\/2024\/07\/mapa-FPCEUP-1024x576.jpg\" alt=\"\" class=\"wp-image-1870\" srcset=\"https:\/\/www.fpce.up.pt\/ic-burnoutparental\/wp-content\/uploads\/sites\/985\/2024\/07\/mapa-FPCEUP-1024x576.jpg 1024w, https:\/\/www.fpce.up.pt\/ic-burnoutparental\/wp-content\/uploads\/sites\/985\/2024\/07\/mapa-FPCEUP-300x169.jpg 300w, https:\/\/www.fpce.up.pt\/ic-burnoutparental\/wp-content\/uploads\/sites\/985\/2024\/07\/mapa-FPCEUP-768x432.jpg 768w, https:\/\/www.fpce.up.pt\/ic-burnoutparental\/wp-content\/uploads\/sites\/985\/2024\/07\/mapa-FPCEUP.jpg 1280w\" sizes=\"auto, (max-width: 1024px) 100vw, 1024px\" \/><\/figure>\n\n\n\n<p><br><br><strong>Food on the days of the event:<\/strong><\/p>\n\n\n\n<p>&#8211; Coffee breaks are included in the event fee.<\/p>\n\n\n\n<p>&#8211; Lunch is free and the responsibility of each participant. The FPCEUP restaurant will have lunches available for sale on the days of the event.<\/p>\n\n\n\n<p><br><br><strong>By metro<\/strong><\/p>\n\n\n\n<p>Following the YELLOW LINE (LINE D), get off at the \u201cPolo Universit\u00e1rio\u201d station.<\/p>\n\n\n\n<p>At the exit of the station, you will find FPCEUP.&nbsp; <a href=\"https:\/\/maps.app.goo.gl\/MLG5xf65FsmiehMw8\">https:\/\/maps.app.goo.gl\/MLG5xf65FsmiehMw8<\/a><\/p>\n\n\n\n<p>For more information, see: Metro do Porto <a href=\"https:\/\/www.metrodoporto.pt\/\">https:\/\/www.metrodoporto.pt\/<\/a><\/p>\n\n\n\n<p><br><br><strong>By bus<\/strong><\/p>\n\n\n\n<p>Daytime (6h00 &#8211; 1h00)<\/p>\n\n\n\n<p>Stop: Polo Universit\u00e1rio (Metro)<\/p>\n\n\n\n<p>&nbsp;&nbsp; &#8211; 6316: Trofa (Station) | Polo Universit\u00e1rio da Asprela (via A3)<\/p>\n\n\n\n<p>Stop: P\u00f3lo Universit\u00e1rio<\/p>\n\n\n\n<p>&#8211; 6313: Famalic\u00e3o (Central C.T.) | Polo Universit\u00e1rio da Asprela<\/p>\n\n\n\n<p>For those coming from Trofa, Maia region.<\/p>\n\n\n\n<p>Stop: University Campus<\/p>\n\n\n\n<p>&nbsp;&nbsp; &#8211; 6305: Trofa (Station) | Asprela University Campus<\/p>\n\n\n\n<p>For more information, see: BUSPORTO <a href=\"https:\/\/busporto.pt\/\">https:\/\/busporto.pt\/<\/a><\/p>\n\n\n\n<p><br><br><strong>By car<\/strong><\/p>\n\n\n\n<p>The best way to find FPCEUP is to follow the signs for Paranhos \/ Hospital de S\u00e3o Jo\u00e3o.<\/p>\n\n\n\n<p>If you&#8217;re coming from the VCI, take the Paranhos \/ Hospital exit and turn right at the traffic lights at the Paranhos church square. Turn right onto Rua do Dr. Manuel Pereira da Silva. A few meters ahead you will find Rua Alfredo Allen on your left (where the Polo Universit\u00e1rio Metro station is). Then turn left and you&#8217;ll find FPCEUP on your left.<\/p>\n\n\n\n<p>If you&#8217;re coming from Estrada da Circunvala\u00e7\u00e3o (EN12), go as far as Hospital de S. Jo\u00e3o and turn back at the traffic lights to IPO (Rua Ant\u00f3nio Bernardino Almeida), then go straight on and turn left at the 2nd street (next to the back of ISEP) and enter Rua Alfredo Allen. When you reach the Polo Universit\u00e1rio Metro station, you&#8217;ll find FPCEUP on your right.<\/p>\n\n\n\n<p><br><br><strong>Accommodation<\/strong><\/p>\n\n\n\n<p><strong>Accommodation during the event is the responsibility of each participant.<\/strong><\/p>\n\n\n\n<p><strong>We suggest looking for hotels near the Faculty of Psychology and Educational Sciences of the University of Porto, address&nbsp; <\/strong><a href=\"https:\/\/maps.app.goo.gl\/MLG5xf65FsmiehMw8\">https:\/\/maps.app.goo.gl\/MLG5xf65FsmiehMw8<\/a><\/p>\n\n\n\n<p><br><strong>Hotel Ibis Porto &#8211; S\u00e3o Jo\u00e3o<\/strong><\/p>\n\n\n\n<p>Reservations by e-mail: h3227-am@accor.com or on the website<\/p>\n\n\n\n<p>(Located at the IPO metro station, 500 meters from ESE\/IPP and 900 meters from FPCEUP &#8211; 09 minutes on foot).<\/p>\n\n\n\n<p><br><strong>Hotel Portinari<\/strong><\/p>\n\n\n\n<p>(Hospital S\u00e3o Jo\u00e3o metro station)<\/p>\n\n\n\n<p>Reservations by e-mail: info@hotelportinari.com or on the website<\/p>\n\n\n\n<p><br><strong>Hotel Porto City<\/strong><\/p>\n\n\n\n<p>(Faria Guimar\u00e3es metro station)<\/p>\n\n\n\n<p>Reservations by e-mail: geral@portocityhotel.com or on the website<\/p>\n\n\n\n<p><br><strong>Hotel Grande Rio<\/strong><\/p>\n\n\n\n<p>(Faria Guimar\u00e3es \/ Marqu\u00eas metro station)<\/p>\n\n\n\n<p>Reservations by e-mail: geral@hotel-grande-rio.com or on the website.<br><\/p>\n\n\n\n<p>* In update.<\/p>\n","protected":false},"excerpt":{"rendered":"<p>Venue: FPCEUP &#8211; Rua Alfredo Allen, 4200-135 Porto &#8211; Portugal GPS: 41.175300, -8.604572 Food on the days of the event: &#8211; Coffee breaks are included in the event fee. &#8211; Lunch is free and the responsibility of each participant. The FPCEUP restaurant will have lunches available for sale on the days of the event. By [&hellip;]<\/p>\n","protected":false},"author":1103,"featured_media":0,"parent":0,"menu_order":8,"comment_status":"closed","ping_status":"closed","template":"","meta":{"footnotes":""},"class_list":["post-741","page","type-page","status-publish","hentry","post"],"_links":{"self":[{"href":"https:\/\/www.fpce.up.pt\/ic-burnoutparental\/wp-json\/wp\/v2\/pages\/741","targetHints":{"allow":["GET"]}}],"collection":[{"href":"https:\/\/www.fpce.up.pt\/ic-burnoutparental\/wp-json\/wp\/v2\/pages"}],"about":[{"href":"https:\/\/www.fpce.up.pt\/ic-burnoutparental\/wp-json\/wp\/v2\/types\/page"}],"author":[{"embeddable":true,"href":"https:\/\/www.fpce.up.pt\/ic-burnoutparental\/wp-json\/wp\/v2\/users\/1103"}],"replies":[{"embeddable":true,"href":"https:\/\/www.fpce.up.pt\/ic-burnoutparental\/wp-json\/wp\/v2\/comments?post=741"}],"version-history":[{"count":12,"href":"https:\/\/www.fpce.up.pt\/ic-burnoutparental\/wp-json\/wp\/v2\/pages\/741\/revisions"}],"predecessor-version":[{"id":1874,"href":"https:\/\/www.fpce.up.pt\/ic-burnoutparental\/wp-json\/wp\/v2\/pages\/741\/revisions\/1874"}],"wp:attachment":[{"href":"https:\/\/www.fpce.up.pt\/ic-burnoutparental\/wp-json\/wp\/v2\/media?parent=741"}],"curies":[{"name":"wp","href":"https:\/\/api.w.org\/{rel}","templated":true}]}}