{"id":1501,"date":"2024-07-19T14:51:27","date_gmt":"2024-07-19T14:51:27","guid":{"rendered":"https:\/\/www.fpce.up.pt\/resil-sc-ience\/?page_id=1501"},"modified":"2025-05-22T15:57:59","modified_gmt":"2025-05-22T15:57:59","slug":"atividades","status":"publish","type":"page","link":"https:\/\/www.fpce.up.pt\/resil-sc-ience\/atividades\/","title":{"rendered":"Atividades"},"content":{"rendered":"\t\t<div data-elementor-type=\"wp-page\" data-elementor-id=\"1501\" class=\"elementor elementor-1501\" data-elementor-post-type=\"page\">\n\t\t\t\t<div class=\"has_eae_slider elementor-element elementor-element-9bf7ce6 e-flex e-con-boxed e-con e-parent\" data-eae-slider=\"6168\" data-id=\"9bf7ce6\" data-element_type=\"container\" data-e-type=\"container\">\n\t\t\t\t\t<div class=\"e-con-inner\">\n\t\t<div class=\"has_eae_slider elementor-element elementor-element-1facefb e-con-full e-flex e-con e-child\" data-eae-slider=\"72813\" data-id=\"1facefb\" data-element_type=\"container\" data-e-type=\"container\">\n\t\t\t\t<div class=\"elementor-element elementor-element-5fd513b elementor-widget elementor-widget-image\" data-id=\"5fd513b\" data-element_type=\"widget\" data-e-type=\"widget\" data-widget_type=\"image.default\">\n\t\t\t\t<div class=\"elementor-widget-container\">\n\t\t\t\t\t\t\t\t\t\t\t\t\t\t\t\t<a href=\"https:\/\/osf.io\/rvqn7\" target=\"_blank\">\n\t\t\t\t\t\t\t<img fetchpriority=\"high\" decoding=\"async\" width=\"498\" height=\"693\" src=\"https:\/\/www.fpce.up.pt\/resil-sc-ience\/wp-content\/uploads\/sites\/1031\/2025\/05\/Diapositivo1-2.jpg\" class=\"attachment-2048x2048 size-2048x2048 wp-image-1990\" alt=\"\" srcset=\"https:\/\/www.fpce.up.pt\/resil-sc-ience\/wp-content\/uploads\/sites\/1031\/2025\/05\/Diapositivo1-2.jpg 498w, https:\/\/www.fpce.up.pt\/resil-sc-ience\/wp-content\/uploads\/sites\/1031\/2025\/05\/Diapositivo1-2-216x300.jpg 216w\" sizes=\"(max-width: 498px) 100vw, 498px\" \/>\t\t\t\t\t\t\t\t<\/a>\n\t\t\t\t\t\t\t\t\t\t\t\t\t\t\t<\/div>\n\t\t\t\t<\/div>\n\t\t\t\t<\/div>\n\t\t<div class=\"has_eae_slider elementor-element elementor-element-8d703f9 e-con-full e-flex e-con e-child\" data-eae-slider=\"76200\" data-id=\"8d703f9\" data-element_type=\"container\" data-e-type=\"container\">\n\t\t\t\t<div class=\"elementor-element elementor-element-e624066 elementor-widget elementor-widget-text-editor\" data-id=\"e624066\" data-element_type=\"widget\" data-e-type=\"widget\" data-widget_type=\"text-editor.default\">\n\t\t\t\t<div class=\"elementor-widget-container\">\n\t\t\t\t\t\t\t\t\t<p>\u00a0<\/p>\n<p><strong>Newsletter n.1<\/strong><\/p>\n<p>\u00a0<\/p>\n<p>A sa\u00fade mental \u00e9 um direito e \u00e9 um dever da ci\u00eancia contribuir para a produ\u00e7\u00e3o de conhecimento que inclua e que responsabilize e nos responsabilize.<\/p>\n<p>\u00a0<\/p>\n<p>Apresentamos a<span style=\"text-decoration: underline;\"><strong> <a href=\"https:\/\/osf.io\/rvqn7\">primeira newsletter<\/a><\/strong><\/span> do projeto <em>RESIL(SC)IENCE &#8211; Strengthening Resilience Systems as a Youth Mental Health Right.<\/em><\/p>\n<p>\u00a0<\/p>\t\t\t\t\t\t\t\t<\/div>\n\t\t\t\t<\/div>\n\t\t\t\t<\/div>\n\t\t\t\t\t<\/div>\n\t\t\t\t<\/div>\n\t\t<div class=\"has_eae_slider elementor-element elementor-element-175e89e e-flex e-con-boxed e-con e-parent\" data-eae-slider=\"76864\" data-id=\"175e89e\" data-element_type=\"container\" data-e-type=\"container\">\n\t\t\t\t\t<div class=\"e-con-inner\">\n\t\t<div class=\"has_eae_slider elementor-element elementor-element-b52e94c e-con-full e-flex e-con e-child\" data-eae-slider=\"22315\" data-id=\"b52e94c\" data-element_type=\"container\" data-e-type=\"container\">\n\t\t\t\t<div class=\"elementor-element elementor-element-a185540 elementor-widget elementor-widget-image\" data-id=\"a185540\" data-element_type=\"widget\" data-e-type=\"widget\" data-widget_type=\"image.default\">\n\t\t\t\t<div class=\"elementor-widget-container\">\n\t\t\t\t\t\t\t\t\t\t\t\t\t\t\t\t<a href=\"https:\/\/osf.io\/qaxyw\" target=\"_blank\">\n\t\t\t\t\t\t\t<img decoding=\"async\" width=\"1449\" height=\"2048\" src=\"https:\/\/www.fpce.up.pt\/resil-sc-ience\/wp-content\/uploads\/sites\/1031\/2024\/11\/Poster_I-Encontro-ULSM_Nunes-et-al.-2024-1449x2048.jpg\" class=\"attachment-2048x2048 size-2048x2048 wp-image-1750\" alt=\"\" srcset=\"https:\/\/www.fpce.up.pt\/resil-sc-ience\/wp-content\/uploads\/sites\/1031\/2024\/11\/Poster_I-Encontro-ULSM_Nunes-et-al.-2024-1449x2048.jpg 1449w, https:\/\/www.fpce.up.pt\/resil-sc-ience\/wp-content\/uploads\/sites\/1031\/2024\/11\/Poster_I-Encontro-ULSM_Nunes-et-al.-2024-212x300.jpg 212w, https:\/\/www.fpce.up.pt\/resil-sc-ience\/wp-content\/uploads\/sites\/1031\/2024\/11\/Poster_I-Encontro-ULSM_Nunes-et-al.-2024-724x1024.jpg 724w, https:\/\/www.fpce.up.pt\/resil-sc-ience\/wp-content\/uploads\/sites\/1031\/2024\/11\/Poster_I-Encontro-ULSM_Nunes-et-al.-2024-768x1086.jpg 768w, https:\/\/www.fpce.up.pt\/resil-sc-ience\/wp-content\/uploads\/sites\/1031\/2024\/11\/Poster_I-Encontro-ULSM_Nunes-et-al.-2024-1087x1536.jpg 1087w, https:\/\/www.fpce.up.pt\/resil-sc-ience\/wp-content\/uploads\/sites\/1031\/2024\/11\/Poster_I-Encontro-ULSM_Nunes-et-al.-2024-scaled.jpg 1811w\" sizes=\"(max-width: 1449px) 100vw, 1449px\" \/>\t\t\t\t\t\t\t\t<\/a>\n\t\t\t\t\t\t\t\t\t\t\t\t\t\t\t<\/div>\n\t\t\t\t<\/div>\n\t\t\t\t<\/div>\n\t\t<div class=\"has_eae_slider elementor-element elementor-element-f9f54fd e-con-full e-flex e-con e-child\" data-eae-slider=\"18401\" data-id=\"f9f54fd\" data-element_type=\"container\" data-e-type=\"container\">\n\t\t\t\t<div class=\"elementor-element elementor-element-871375b elementor-widget elementor-widget-text-editor\" data-id=\"871375b\" data-element_type=\"widget\" data-e-type=\"widget\" data-widget_type=\"text-editor.default\">\n\t\t\t\t<div class=\"elementor-widget-container\">\n\t\t\t\t\t\t\t\t\t<p>No dia 8 de novembro, o projeto Resil(sc)ience marcou presen\u00e7a no I Encontro do Servi\u00e7o de Psicologia da Unidade Local de Sa\u00fade de Matosinhos, onde apresentou e discutiu o trabalho &#8220;<strong>Saude Mental em Portugal: Uma Proposta de Quadro Conceptual e Indicadores para uma Ferramenta de Monitoriza\u00e7\u00e3o<\/strong>&#8220;.<\/p>\n<p>\u00a0<\/p>\n<p><strong>RESUMO<\/strong><\/p>\n<p>O presente estudo apresenta uma ferramenta de monitoriza\u00e7\u00e3o da SM. Esta ferramenta integra tr\u00eas m\u00f3dulos, abrangendo indicadores socioecon\u00f4micos, como condi\u00e7\u00f5es de vida e habita\u00e7\u00e3o; indicadores de caracteriza\u00e7\u00e3o da SM, nomeadamente bem-estar, ansiedade, depress\u00e3o, psicose, stress p\u00f3s-traum\u00e1tico, suicido e comportamentos aditivos; e indicadores referentes a fatores de risco e prote\u00e7\u00e3o, como o stress t\u00f3xico, capital social, ou confian\u00e7a nas institui\u00e7\u00f5es. Esta ferramenta tem como objetivo n\u00e3o apenas fornecer uma base robusta para a monitoriza\u00e7\u00e3o da SM em Portugal, mas tamb\u00e9m orientar a formula\u00e7\u00e3o de pol\u00edticas p\u00fablicas que abordem as desigualdades estruturais e promovam o bem-estar mental.<\/p>\t\t\t\t\t\t\t\t<\/div>\n\t\t\t\t<\/div>\n\t\t\t\t<\/div>\n\t\t\t\t\t<\/div>\n\t\t\t\t<\/div>\n\t\t<div class=\"has_eae_slider elementor-element elementor-element-ea933fb e-flex e-con-boxed e-con e-parent\" data-eae-slider=\"33443\" data-id=\"ea933fb\" data-element_type=\"container\" data-e-type=\"container\">\n\t\t\t\t\t<div class=\"e-con-inner\">\n\t\t<div class=\"has_eae_slider elementor-element elementor-element-cbd82a1 e-con-full e-flex e-con e-child\" data-eae-slider=\"75971\" data-id=\"cbd82a1\" data-element_type=\"container\" data-e-type=\"container\">\n\t\t\t\t<div class=\"elementor-element elementor-element-2e5b4e1 elementor-widget elementor-widget-image\" data-id=\"2e5b4e1\" data-element_type=\"widget\" data-e-type=\"widget\" data-widget_type=\"image.default\">\n\t\t\t\t<div class=\"elementor-widget-container\">\n\t\t\t\t\t\t\t\t\t\t\t\t\t\t\t\t<a href=\"https:\/\/noticias.up.pt\/fpceup\/eventos\/filme-debate-passamos-por-ca-sorry-we-missed-you-de-ken-loach\/\" target=\"_blank\">\n\t\t\t\t\t\t\t<img decoding=\"async\" width=\"1280\" height=\"505\" src=\"https:\/\/www.fpce.up.pt\/resil-sc-ience\/wp-content\/uploads\/sites\/1031\/2024\/11\/Diapositivo1-1.jpg\" class=\"attachment-2048x2048 size-2048x2048 wp-image-1739\" alt=\"\" srcset=\"https:\/\/www.fpce.up.pt\/resil-sc-ience\/wp-content\/uploads\/sites\/1031\/2024\/11\/Diapositivo1-1.jpg 1280w, https:\/\/www.fpce.up.pt\/resil-sc-ience\/wp-content\/uploads\/sites\/1031\/2024\/11\/Diapositivo1-1-300x118.jpg 300w, https:\/\/www.fpce.up.pt\/resil-sc-ience\/wp-content\/uploads\/sites\/1031\/2024\/11\/Diapositivo1-1-1024x404.jpg 1024w, https:\/\/www.fpce.up.pt\/resil-sc-ience\/wp-content\/uploads\/sites\/1031\/2024\/11\/Diapositivo1-1-768x303.jpg 768w\" sizes=\"(max-width: 1280px) 100vw, 1280px\" \/>\t\t\t\t\t\t\t\t<\/a>\n\t\t\t\t\t\t\t\t\t\t\t\t\t\t\t<\/div>\n\t\t\t\t<\/div>\n\t\t\t\t<\/div>\n\t\t<div class=\"has_eae_slider elementor-element elementor-element-fc67023 e-con-full e-flex e-con e-child\" data-eae-slider=\"12201\" data-id=\"fc67023\" data-element_type=\"container\" data-e-type=\"container\">\n\t\t\t\t<div class=\"elementor-element elementor-element-04bd19a elementor-widget elementor-widget-text-editor\" data-id=\"04bd19a\" data-element_type=\"widget\" data-e-type=\"widget\" data-widget_type=\"text-editor.default\">\n\t\t\t\t<div class=\"elementor-widget-container\">\n\t\t\t\t\t\t\t\t\t<p>No dia 4 de novembro, no Audit\u00f3rio 1 da FPCEUP, foi exibido o filme <em><a href=\"https:\/\/cinecartaz.publico.pt\/filme\/sorry-we-missed-you-397928\">Pass\u00e1mos por C\u00e1<\/a>\u00a0(Sorry We Missed You),<\/em>\u00a0do cineasta brit\u00e2nico\u00a0<strong>Ken Loach<\/strong>.\u00a0<\/p>\n<p><span style=\"font-size: 15px; text-align: var(--text-align);\">A proje\u00e7\u00e3o foi seguida de um debate sobre os determinantes sociais e econ\u00f3micos da sa\u00fade mental, com especial enfoque na pobreza e nas desigualdades sociais com a participa\u00e7\u00e3o de <\/span><strong style=\"font-size: 15px; text-align: var(--text-align);\">Jos\u00e9 Caldas de Almeida<\/strong><span style=\"font-size: 15px; text-align: var(--text-align);\">, figura incontorn\u00e1vel na Sa\u00fade Mental em Portugal,\u00a0 <\/span><strong style=\"font-size: 15px; text-align: var(--text-align);\">Jo\u00e3o Francisco Barreto<\/strong><span style=\"font-size: 15px; text-align: var(--text-align);\">, psic\u00f3logo e investigador em psicoterapia (CPUP e ESS-IPPorto), e <strong>Cristina Cabeleira<\/strong> (psic\u00f3loga, psicoterapeuta, com vasta experi\u00eancia na \u00e1rea da prote\u00e7\u00e3o infantil).<\/span><\/p>\t\t\t\t\t\t\t\t<\/div>\n\t\t\t\t<\/div>\n\t\t\t\t<\/div>\n\t\t\t\t\t<\/div>\n\t\t\t\t<\/div>\n\t\t<div class=\"has_eae_slider elementor-element elementor-element-2e4a8cc2 e-flex e-con-boxed e-con e-parent\" data-eae-slider=\"41436\" data-id=\"2e4a8cc2\" data-element_type=\"container\" data-e-type=\"container\">\n\t\t\t\t\t<div class=\"e-con-inner\">\n\t\t\t\t<div class=\"elementor-element elementor-element-032c8bb elementor-widget elementor-widget-text-editor\" data-id=\"032c8bb\" data-element_type=\"widget\" data-e-type=\"widget\" data-widget_type=\"text-editor.default\">\n\t\t\t\t<div class=\"elementor-widget-container\">\n\t\t\t\t\t\t\t\t\t<p><\/p>\n<p>No dia 4 de julho, na Alfandega do Porto, a equipa do Resil(sc)ience participou no painel \u201c<strong><em>Direito \u00e0 Sa\u00fade Mental? Interven\u00e7\u00f5es Intersectoriais, Investigadores e Pol\u00edticas do Trabalho<\/em><\/strong>\u201d no \u00e2mbito do Encontro Ci\u00eancia24. Este painel contou com docentes e investigadores do Centro de Psicologia da Universidade do Porto, da ProChild Colab, e do Centro de Estudos Sociais da Universidade de Coimbra.\u00a0<\/p>\n<p><\/p>\t\t\t\t\t\t\t\t<\/div>\n\t\t\t\t<\/div>\n\t\t\t\t<div class=\"elementor-element elementor-element-2f3f3de elementor-widget elementor-widget-text-editor\" data-id=\"2f3f3de\" data-element_type=\"widget\" data-e-type=\"widget\" data-widget_type=\"text-editor.default\">\n\t\t\t\t<div class=\"elementor-widget-container\">\n\t\t\t\t\t\t\t\t\t<p><\/p>\n<p>No dia 19 de abril, na Escola Superior de Sa\u00fade do Instituto Polit\u00e9cnico do Porto, decorreu o <em>5th International Mental Health Meeting of Rom\u00e3o de Sousa Foundation<\/em> subjugado ao tema \u201c<em><strong>Slow Psyquiaty: Human Ryghts and Democratic Mental Health<\/strong>\u201d<\/em>. O projeto Resil(sc)ience foi apresentado e discutido no \u00e2mbito deste evento internacional.<\/p>\n<p><\/p>\t\t\t\t\t\t\t\t<\/div>\n\t\t\t\t<\/div>\n\t\t\t\t\t<\/div>\n\t\t\t\t<\/div>\n\t\t\t\t<\/div>\n\t\t","protected":false},"excerpt":{"rendered":"<p>\u00a0 Newsletter n.1 \u00a0 A sa\u00fade mental \u00e9 um direito e \u00e9 um dever da ci\u00eancia contribuir para a produ\u00e7\u00e3o de conhecimento que inclua e que responsabilize e nos responsabilize. \u00a0 Apresentamos a primeira newsletter do projeto RESIL(SC)IENCE &#8211; Strengthening Resilience Systems as a Youth Mental Health Right. \u00a0 No dia 8 de novembro, o [&hellip;]<\/p>\n","protected":false},"author":1930,"featured_media":0,"parent":0,"menu_order":0,"comment_status":"closed","ping_status":"closed","template":"","meta":{"footnotes":""},"class_list":["post-1501","page","type-page","status-publish","hentry","post"],"_links":{"self":[{"href":"https:\/\/www.fpce.up.pt\/resil-sc-ience\/wp-json\/wp\/v2\/pages\/1501","targetHints":{"allow":["GET"]}}],"collection":[{"href":"https:\/\/www.fpce.up.pt\/resil-sc-ience\/wp-json\/wp\/v2\/pages"}],"about":[{"href":"https:\/\/www.fpce.up.pt\/resil-sc-ience\/wp-json\/wp\/v2\/types\/page"}],"author":[{"embeddable":true,"href":"https:\/\/www.fpce.up.pt\/resil-sc-ience\/wp-json\/wp\/v2\/users\/1930"}],"replies":[{"embeddable":true,"href":"https:\/\/www.fpce.up.pt\/resil-sc-ience\/wp-json\/wp\/v2\/comments?post=1501"}],"version-history":[{"count":53,"href":"https:\/\/www.fpce.up.pt\/resil-sc-ience\/wp-json\/wp\/v2\/pages\/1501\/revisions"}],"predecessor-version":[{"id":2172,"href":"https:\/\/www.fpce.up.pt\/resil-sc-ience\/wp-json\/wp\/v2\/pages\/1501\/revisions\/2172"}],"wp:attachment":[{"href":"https:\/\/www.fpce.up.pt\/resil-sc-ience\/wp-json\/wp\/v2\/media?parent=1501"}],"curies":[{"name":"wp","href":"https:\/\/api.w.org\/{rel}","templated":true}]}}