{"id":555,"date":"2019-12-12T10:44:23","date_gmt":"2019-12-12T10:44:23","guid":{"rendered":"http:\/\/wp.up.pt\/resil-sc-ience\/?page_id=555"},"modified":"2024-06-28T13:56:59","modified_gmt":"2024-06-28T13:56:59","slug":"disseminacao","status":"publish","type":"page","link":"https:\/\/www.fpce.up.pt\/resil-sc-ience\/disseminacao\/","title":{"rendered":"Objetivos"},"content":{"rendered":"\t\t<div data-elementor-type=\"wp-page\" data-elementor-id=\"555\" class=\"elementor elementor-555\" data-elementor-post-type=\"page\">\n\t\t\t\t<div class=\"has_eae_slider elementor-element elementor-element-de8f7d0 e-flex e-con-boxed e-con e-parent\" data-eae-slider=\"47632\" data-id=\"de8f7d0\" data-element_type=\"container\" data-e-type=\"container\">\n\t\t\t\t\t<div class=\"e-con-inner\">\n\t\t\t\t<div class=\"elementor-element elementor-element-512b7fd7 elementor-widget elementor-widget-text-editor\" data-id=\"512b7fd7\" data-element_type=\"widget\" data-e-type=\"widget\" data-widget_type=\"text-editor.default\">\n\t\t\t\t<div class=\"elementor-widget-container\">\n\t\t\t\t\t\t\t\t\t<p><\/p>\n<p><b>Co-criar um inqu\u00e9rito para avaliar a sa\u00fade mental dos jovens<\/b><\/p>\n<p><\/p>\n<p><\/p>\n<p>Este inqu\u00e9rito tem como objetivo captar as dimens\u00f5es individuais e os determinantes contextuais e socioecon\u00f3micos do que nos torna vulner\u00e1veis e do que nos faz &#8220;quebrar&#8221;. Este inqu\u00e9rito estar\u00e1 dispon\u00edvel para monitorizar pr\u00e1ticas e pol\u00edticas.<\/p>\n<p><\/p>\n<p><\/p>\n<p><b>Democratizar e Partilhar Conhecimento sobre Sa\u00fade Mental<\/b><\/p>\n<p><\/p>\n<p><\/p>\n<p>Vamos partilhar o que aprendemos com todos\/as. E, acima de tudo, queremos aprender com todos\/as. Este n\u00e3o \u00e9 um projeto de sentido \u00fanico. Queremos estar pr\u00f3ximos das pessoas e produzir ci\u00eancia que responda aos seus desafios, com sensibilidade e bondade, adotando um enquadramento de direitos humanos como cr\u00edtico.<\/p>\n<p><\/p>\n<p><\/p>\n<p>Inspirar o desenvolvimento de pol\u00edticas p\u00fablicas atrav\u00e9s da produ\u00e7\u00e3o de conhecimento significativo e valioso para a vida das pessoas. Este objetivo requer um afastamento intencional de uma perspetiva de investiga\u00e7\u00e3o exclusivamente enquadrada por dimens\u00f5es individuais\/psicol\u00f3gicas que negligenciam as dimens\u00f5es contextuais e socioculturais, e de uma atitude que desconsidera o papel crucial da ci\u00eancia como instrumento de justi\u00e7a social.<\/p>\n<p><\/p>\t\t\t\t\t\t\t\t<\/div>\n\t\t\t\t<\/div>\n\t\t\t\t\t<\/div>\n\t\t\t\t<\/div>\n\t\t\t\t<\/div>\n\t\t","protected":false},"excerpt":{"rendered":"<p>Co-criar um inqu\u00e9rito para avaliar a sa\u00fade mental dos jovens Este inqu\u00e9rito tem como objetivo captar as dimens\u00f5es individuais e os determinantes contextuais e socioecon\u00f3micos do que nos torna vulner\u00e1veis e do que nos faz &#8220;quebrar&#8221;. Este inqu\u00e9rito estar\u00e1 dispon\u00edvel para monitorizar pr\u00e1ticas e pol\u00edticas. Democratizar e Partilhar Conhecimento sobre Sa\u00fade Mental Vamos partilhar o [&hellip;]<\/p>\n","protected":false},"author":1103,"featured_media":0,"parent":0,"menu_order":0,"comment_status":"closed","ping_status":"closed","template":"","meta":{"footnotes":""},"class_list":["post-555","page","type-page","status-publish","hentry","post"],"_links":{"self":[{"href":"https:\/\/www.fpce.up.pt\/resil-sc-ience\/wp-json\/wp\/v2\/pages\/555","targetHints":{"allow":["GET"]}}],"collection":[{"href":"https:\/\/www.fpce.up.pt\/resil-sc-ience\/wp-json\/wp\/v2\/pages"}],"about":[{"href":"https:\/\/www.fpce.up.pt\/resil-sc-ience\/wp-json\/wp\/v2\/types\/page"}],"author":[{"embeddable":true,"href":"https:\/\/www.fpce.up.pt\/resil-sc-ience\/wp-json\/wp\/v2\/users\/1103"}],"replies":[{"embeddable":true,"href":"https:\/\/www.fpce.up.pt\/resil-sc-ience\/wp-json\/wp\/v2\/comments?post=555"}],"version-history":[{"count":18,"href":"https:\/\/www.fpce.up.pt\/resil-sc-ience\/wp-json\/wp\/v2\/pages\/555\/revisions"}],"predecessor-version":[{"id":1241,"href":"https:\/\/www.fpce.up.pt\/resil-sc-ience\/wp-json\/wp\/v2\/pages\/555\/revisions\/1241"}],"wp:attachment":[{"href":"https:\/\/www.fpce.up.pt\/resil-sc-ience\/wp-json\/wp\/v2\/media?parent=555"}],"curies":[{"name":"wp","href":"https:\/\/api.w.org\/{rel}","templated":true}]}}