{"id":831,"date":"2024-05-22T10:45:50","date_gmt":"2024-05-22T10:45:50","guid":{"rendered":"https:\/\/www.fpce.up.pt\/resil-sc-ience\/?page_id=831"},"modified":"2024-06-28T14:00:29","modified_gmt":"2024-06-28T14:00:29","slug":"ajuda","status":"publish","type":"page","link":"https:\/\/www.fpce.up.pt\/resil-sc-ience\/ajuda\/","title":{"rendered":"Ajuda"},"content":{"rendered":"\t\t<div data-elementor-type=\"wp-page\" data-elementor-id=\"831\" class=\"elementor elementor-831\" data-elementor-post-type=\"page\">\n\t\t\t\t<div class=\"has_eae_slider elementor-element elementor-element-3d05069b e-flex e-con-boxed e-con e-parent\" data-eae-slider=\"70545\" data-id=\"3d05069b\" data-element_type=\"container\" data-e-type=\"container\">\n\t\t\t\t\t<div class=\"e-con-inner\">\n\t\t\t\t<div class=\"elementor-element elementor-element-1c1610e elementor-widget elementor-widget-text-editor\" data-id=\"1c1610e\" data-element_type=\"widget\" data-e-type=\"widget\" data-widget_type=\"text-editor.default\">\n\t\t\t\t<div class=\"elementor-widget-container\">\n\t\t\t\t\t\t\t\t\t\n<p>Se sentires que precisas de ajuda por favor liga para o <strong>112<\/strong>.<\/p>\n\t\t\t\t\t\t\t\t<\/div>\n\t\t\t\t<\/div>\n\t\t<div class=\"has_eae_slider elementor-element elementor-element-e9c85e5 e-grid e-con-boxed e-con e-child\" data-eae-slider=\"34277\" data-id=\"e9c85e5\" data-element_type=\"container\" data-e-type=\"container\">\n\t\t\t\t\t<div class=\"e-con-inner\">\n\t\t\t\t<div class=\"elementor-element elementor-element-4c62494 elementor-widget elementor-widget-text-editor\" data-id=\"4c62494\" data-element_type=\"widget\" data-e-type=\"widget\" data-widget_type=\"text-editor.default\">\n\t\t\t\t<div class=\"elementor-widget-container\">\n\t\t\t\t\t\t\t\t\t<p><a href=\"https:\/\/www.sns24.gov.pt\/servico\/aconselhamento-psicologico-no-sns-24\/\"><span style=\"font-size: 15px;\"><b>Linha gratuita de aconselhamento psicol\u00f3gico<\/b><\/span><\/a><\/p>\n<p>808 24 24 24 (Op\u00e7\u00e3o 4)<\/p>\n<p>24h\/dia, 7 dias por semana<\/p>\t\t\t\t\t\t\t\t<\/div>\n\t\t\t\t<\/div>\n\t\t\t\t<div class=\"elementor-element elementor-element-e93b790 elementor-widget elementor-widget-text-editor\" data-id=\"e93b790\" data-element_type=\"widget\" data-e-type=\"widget\" data-widget_type=\"text-editor.default\">\n\t\t\t\t<div class=\"elementor-widget-container\">\n\t\t\t\t\t\t\t\t\t<p><a href=\"http:\/\/www.sosvozamiga.org\"><span style=\"font-size: 15px;\"><b>SOS Voz Amiga<\/b><\/span><\/a><\/p>\n<p>213 544 545 | 912 802 669 | 963 524 660<\/p>\n<p>Todos os dias das 15h30 \u00e0 00h30<\/p>\t\t\t\t\t\t\t\t<\/div>\n\t\t\t\t<\/div>\n\t\t\t\t<div class=\"elementor-element elementor-element-58b5dff elementor-widget elementor-widget-text-editor\" data-id=\"58b5dff\" data-element_type=\"widget\" data-e-type=\"widget\" data-widget_type=\"text-editor.default\">\n\t\t\t\t<div class=\"elementor-widget-container\">\n\t\t\t\t\t\t\t\t\t<p><a href=\"http:\/\/www.telefone-amizade.pt\"><span style=\"font-size: 15px;\"><b>Telefone da Amizade<\/b><\/span><\/a><\/p>\n<p><span style=\"font-size: 15px;\">228 32 35 35<\/span><\/p>\n<p><span style=\"font-size: 15px;\">Todos os dias das 16h00 \u00e0s 23h00<\/span><\/p>\t\t\t\t\t\t\t\t<\/div>\n\t\t\t\t<\/div>\n\t\t\t\t<div class=\"elementor-element elementor-element-a065283 elementor-widget elementor-widget-text-editor\" data-id=\"a065283\" data-element_type=\"widget\" data-e-type=\"widget\" data-widget_type=\"text-editor.default\">\n\t\t\t\t<div class=\"elementor-widget-container\">\n\t\t\t\t\t\t\t\t\t<p><a href=\"https:\/\/www.vozdeapoio.pt\/\"><span style=\"font-size: 15px;\"><b>Voz do Apoio<\/b><\/span><\/a><\/p>\n<p>225 50 60 70<\/p>\n<p>Todos os dias das 21h00 \u00e0 00h00 em Portugal Continental e Madeira<span style=\"font-size: 15px;\">\u00a0 Todos os dias das 20h00 \u00e0s 23h00 nos A\u00e7ores<\/span><\/p>\t\t\t\t\t\t\t\t<\/div>\n\t\t\t\t<\/div>\n\t\t\t\t\t<\/div>\n\t\t\t\t<\/div>\n\t\t\t\t\t<\/div>\n\t\t\t\t<\/div>\n\t\t\t\t<\/div>\n\t\t","protected":false},"excerpt":{"rendered":"<p>Se sentires que precisas de ajuda por favor liga para o 112. Linha gratuita de aconselhamento psicol\u00f3gico 808 24 24 24 (Op\u00e7\u00e3o 4) 24h\/dia, 7 dias por semana SOS Voz Amiga 213 544 545 | 912 802 669 | 963 524 660 Todos os dias das 15h30 \u00e0 00h30 Telefone da Amizade 228 32 35 [&hellip;]<\/p>\n","protected":false},"author":1103,"featured_media":0,"parent":0,"menu_order":0,"comment_status":"closed","ping_status":"closed","template":"","meta":{"footnotes":""},"class_list":["post-831","page","type-page","status-publish","hentry","post"],"_links":{"self":[{"href":"https:\/\/www.fpce.up.pt\/resil-sc-ience\/wp-json\/wp\/v2\/pages\/831","targetHints":{"allow":["GET"]}}],"collection":[{"href":"https:\/\/www.fpce.up.pt\/resil-sc-ience\/wp-json\/wp\/v2\/pages"}],"about":[{"href":"https:\/\/www.fpce.up.pt\/resil-sc-ience\/wp-json\/wp\/v2\/types\/page"}],"author":[{"embeddable":true,"href":"https:\/\/www.fpce.up.pt\/resil-sc-ience\/wp-json\/wp\/v2\/users\/1103"}],"replies":[{"embeddable":true,"href":"https:\/\/www.fpce.up.pt\/resil-sc-ience\/wp-json\/wp\/v2\/comments?post=831"}],"version-history":[{"count":46,"href":"https:\/\/www.fpce.up.pt\/resil-sc-ience\/wp-json\/wp\/v2\/pages\/831\/revisions"}],"predecessor-version":[{"id":1286,"href":"https:\/\/www.fpce.up.pt\/resil-sc-ience\/wp-json\/wp\/v2\/pages\/831\/revisions\/1286"}],"wp:attachment":[{"href":"https:\/\/www.fpce.up.pt\/resil-sc-ience\/wp-json\/wp\/v2\/media?parent=831"}],"curies":[{"name":"wp","href":"https:\/\/api.w.org\/{rel}","templated":true}]}}