{"id":838,"date":"2024-05-22T10:48:24","date_gmt":"2024-05-22T10:48:24","guid":{"rendered":"https:\/\/www.fpce.up.pt\/resil-sc-ience\/?page_id=838"},"modified":"2025-05-27T09:29:53","modified_gmt":"2025-05-27T09:29:53","slug":"equipa","status":"publish","type":"page","link":"https:\/\/www.fpce.up.pt\/resil-sc-ience\/equipa\/","title":{"rendered":"Equipa"},"content":{"rendered":"\t\t<div data-elementor-type=\"wp-page\" data-elementor-id=\"838\" class=\"elementor elementor-838\" data-elementor-post-type=\"page\">\n\t\t\t\t<div class=\"has_eae_slider elementor-element elementor-element-4567445c e-flex e-con-boxed e-con e-parent\" data-eae-slider=\"75768\" data-id=\"4567445c\" data-element_type=\"container\" data-e-type=\"container\">\n\t\t\t\t\t<div class=\"e-con-inner\">\n\t\t\t\t<div class=\"elementor-element elementor-element-501f6625 elementor-widget elementor-widget-text-editor\" data-id=\"501f6625\" data-element_type=\"widget\" data-e-type=\"widget\" data-widget_type=\"text-editor.default\">\n\t\t\t\t<div class=\"elementor-widget-container\">\n\t\t\t\t\t\t\t\t\t<p><\/p>\n<p><strong>Helena Carvalho (Investigadora Principal) <a href=\"https:\/\/orcid.org\/0000-0002-1927-2853\" target=\"_blank\" rel=\"noopener\"><img decoding=\"async\" class=\"alignnone  wp-image-910\" src=\"https:\/\/www.fpce.up.pt\/resil-sc-ience\/wp-content\/uploads\/sites\/1031\/2024\/05\/ORCID_iD.svg-300x300.png\" alt=\"\" width=\"22\" height=\"22\" srcset=\"https:\/\/www.fpce.up.pt\/resil-sc-ience\/wp-content\/uploads\/sites\/1031\/2024\/05\/ORCID_iD.svg-300x300.png 300w, https:\/\/www.fpce.up.pt\/resil-sc-ience\/wp-content\/uploads\/sites\/1031\/2024\/05\/ORCID_iD.svg-1024x1024.png 1024w, https:\/\/www.fpce.up.pt\/resil-sc-ience\/wp-content\/uploads\/sites\/1031\/2024\/05\/ORCID_iD.svg-150x150.png 150w, https:\/\/www.fpce.up.pt\/resil-sc-ience\/wp-content\/uploads\/sites\/1031\/2024\/05\/ORCID_iD.svg-768x768.png 768w, https:\/\/www.fpce.up.pt\/resil-sc-ience\/wp-content\/uploads\/sites\/1031\/2024\/05\/ORCID_iD.svg-1536x1536.png 1536w, https:\/\/www.fpce.up.pt\/resil-sc-ience\/wp-content\/uploads\/sites\/1031\/2024\/05\/ORCID_iD.svg-24x24.png 24w, https:\/\/www.fpce.up.pt\/resil-sc-ience\/wp-content\/uploads\/sites\/1031\/2024\/05\/ORCID_iD.svg-48x48.png 48w, https:\/\/www.fpce.up.pt\/resil-sc-ience\/wp-content\/uploads\/sites\/1031\/2024\/05\/ORCID_iD.svg-96x96.png 96w, https:\/\/www.fpce.up.pt\/resil-sc-ience\/wp-content\/uploads\/sites\/1031\/2024\/05\/ORCID_iD.svg.png 2048w\" sizes=\"(max-width: 22px) 100vw, 22px\" \/><\/a><\/strong><\/p>\n<p><strong><\/strong><\/p>\n<p>Sou a Helena e sou investigadora interessada no muito que partilhamos enquanto seres humanos. Tenho estudado os contextos que nos aproximam da exclus\u00e3o, da doen\u00e7a e do desvio e em todos eles encontro a desigualdade e a injusti\u00e7a social.\u00a0<\/p>\n<p>\u00a0<\/p>\n<p><\/p>\t\t\t\t\t\t\t\t<\/div>\n\t\t\t\t<\/div>\n\t\t\t\t<div class=\"elementor-element elementor-element-19b1da2 elementor-widget elementor-widget-text-editor\" data-id=\"19b1da2\" data-element_type=\"widget\" data-e-type=\"widget\" data-widget_type=\"text-editor.default\">\n\t\t\t\t<div class=\"elementor-widget-container\">\n\t\t\t\t\t\t\t\t\t<p><\/p>\n<p><strong>Ana Henriques\u00a0<a href=\"https:\/\/orcid.org\/0000-0001-9484-1887\" target=\"_blank\" rel=\"noopener\"><img decoding=\"async\" class=\"alignnone wp-image-910\" src=\"https:\/\/www.fpce.up.pt\/resil-sc-ience\/wp-content\/uploads\/sites\/1031\/2024\/05\/ORCID_iD.svg-300x300.png\" alt=\"\" width=\"22\" height=\"22\" srcset=\"https:\/\/www.fpce.up.pt\/resil-sc-ience\/wp-content\/uploads\/sites\/1031\/2024\/05\/ORCID_iD.svg-300x300.png 300w, https:\/\/www.fpce.up.pt\/resil-sc-ience\/wp-content\/uploads\/sites\/1031\/2024\/05\/ORCID_iD.svg-1024x1024.png 1024w, https:\/\/www.fpce.up.pt\/resil-sc-ience\/wp-content\/uploads\/sites\/1031\/2024\/05\/ORCID_iD.svg-150x150.png 150w, https:\/\/www.fpce.up.pt\/resil-sc-ience\/wp-content\/uploads\/sites\/1031\/2024\/05\/ORCID_iD.svg-768x768.png 768w, https:\/\/www.fpce.up.pt\/resil-sc-ience\/wp-content\/uploads\/sites\/1031\/2024\/05\/ORCID_iD.svg-1536x1536.png 1536w, https:\/\/www.fpce.up.pt\/resil-sc-ience\/wp-content\/uploads\/sites\/1031\/2024\/05\/ORCID_iD.svg-24x24.png 24w, https:\/\/www.fpce.up.pt\/resil-sc-ience\/wp-content\/uploads\/sites\/1031\/2024\/05\/ORCID_iD.svg-48x48.png 48w, https:\/\/www.fpce.up.pt\/resil-sc-ience\/wp-content\/uploads\/sites\/1031\/2024\/05\/ORCID_iD.svg-96x96.png 96w, https:\/\/www.fpce.up.pt\/resil-sc-ience\/wp-content\/uploads\/sites\/1031\/2024\/05\/ORCID_iD.svg.png 2048w\" sizes=\"(max-width: 22px) 100vw, 22px\" \/><\/a><\/strong><\/p>\n<p><strong><\/strong><\/p>\n<p>Sou a\u00a0Ana\u00a0e sou apaixonada por fazer investiga\u00e7\u00e3o multidisciplinar, abrangendo as \u00e1reas da Psicologia da Sa\u00fade, da Sa\u00fade P\u00fablica e da Epidemiologia Social, que vou complementando com o ensino em torno das tem\u00e1ticas da vulnerabilidade social e do seu impacto na sa\u00fade ao longo da vida.<\/p>\n<p>\u00a0<\/p>\n<p><\/p>\t\t\t\t\t\t\t\t<\/div>\n\t\t\t\t<\/div>\n\t\t\t\t<div class=\"elementor-element elementor-element-e34a937 elementor-widget elementor-widget-text-editor\" data-id=\"e34a937\" data-element_type=\"widget\" data-e-type=\"widget\" data-widget_type=\"text-editor.default\">\n\t\t\t\t<div class=\"elementor-widget-container\">\n\t\t\t\t\t\t\t\t\t<p><\/p>\n<p><strong>Ant\u00f3nio Gomes\u00a0 <a href=\"https:\/\/orcid.org\/0000-0001-8056-1999\" target=\"_blank\" rel=\"noopener\"><img decoding=\"async\" class=\"alignnone wp-image-910\" src=\"https:\/\/www.fpce.up.pt\/resil-sc-ience\/wp-content\/uploads\/sites\/1031\/2024\/05\/ORCID_iD.svg-300x300.png\" alt=\"\" width=\"22\" height=\"22\" srcset=\"https:\/\/www.fpce.up.pt\/resil-sc-ience\/wp-content\/uploads\/sites\/1031\/2024\/05\/ORCID_iD.svg-300x300.png 300w, https:\/\/www.fpce.up.pt\/resil-sc-ience\/wp-content\/uploads\/sites\/1031\/2024\/05\/ORCID_iD.svg-1024x1024.png 1024w, https:\/\/www.fpce.up.pt\/resil-sc-ience\/wp-content\/uploads\/sites\/1031\/2024\/05\/ORCID_iD.svg-150x150.png 150w, https:\/\/www.fpce.up.pt\/resil-sc-ience\/wp-content\/uploads\/sites\/1031\/2024\/05\/ORCID_iD.svg-768x768.png 768w, https:\/\/www.fpce.up.pt\/resil-sc-ience\/wp-content\/uploads\/sites\/1031\/2024\/05\/ORCID_iD.svg-1536x1536.png 1536w, https:\/\/www.fpce.up.pt\/resil-sc-ience\/wp-content\/uploads\/sites\/1031\/2024\/05\/ORCID_iD.svg-24x24.png 24w, https:\/\/www.fpce.up.pt\/resil-sc-ience\/wp-content\/uploads\/sites\/1031\/2024\/05\/ORCID_iD.svg-48x48.png 48w, https:\/\/www.fpce.up.pt\/resil-sc-ience\/wp-content\/uploads\/sites\/1031\/2024\/05\/ORCID_iD.svg-96x96.png 96w, https:\/\/www.fpce.up.pt\/resil-sc-ience\/wp-content\/uploads\/sites\/1031\/2024\/05\/ORCID_iD.svg.png 2048w\" sizes=\"(max-width: 22px) 100vw, 22px\" \/><\/a><\/strong><\/p>\n<p><strong><\/strong><\/p>\n<p>Sou o Ant\u00f3nio, sou um jovem psic\u00f3logo e investigador que procuro ter um envolvimento associativo ativo. No momento tenho estado mais dedicado \u00e0 pr\u00e1tica cl\u00ednica, pelo que considero particularmente relevante o cruzamento entre a interven\u00e7\u00e3o e a investiga\u00e7\u00e3o.<\/p>\n<p>\u00a0<\/p>\n<p><\/p>\t\t\t\t\t\t\t\t<\/div>\n\t\t\t\t<\/div>\n\t\t\t\t<div class=\"elementor-element elementor-element-124c5f5 elementor-widget elementor-widget-text-editor\" data-id=\"124c5f5\" data-element_type=\"widget\" data-e-type=\"widget\" data-widget_type=\"text-editor.default\">\n\t\t\t\t<div class=\"elementor-widget-container\">\n\t\t\t\t\t\t\t\t\t<p><\/p>\n<p><strong>Filipa Nunes\u00a0\u00a0<a href=\"https:\/\/orcid.org\/0000-0002-1315-3327\" target=\"_blank\" rel=\"noopener\"><img decoding=\"async\" class=\"alignnone wp-image-910\" src=\"https:\/\/www.fpce.up.pt\/resil-sc-ience\/wp-content\/uploads\/sites\/1031\/2024\/05\/ORCID_iD.svg-300x300.png\" alt=\"\" width=\"22\" height=\"22\" srcset=\"https:\/\/www.fpce.up.pt\/resil-sc-ience\/wp-content\/uploads\/sites\/1031\/2024\/05\/ORCID_iD.svg-300x300.png 300w, https:\/\/www.fpce.up.pt\/resil-sc-ience\/wp-content\/uploads\/sites\/1031\/2024\/05\/ORCID_iD.svg-1024x1024.png 1024w, https:\/\/www.fpce.up.pt\/resil-sc-ience\/wp-content\/uploads\/sites\/1031\/2024\/05\/ORCID_iD.svg-150x150.png 150w, https:\/\/www.fpce.up.pt\/resil-sc-ience\/wp-content\/uploads\/sites\/1031\/2024\/05\/ORCID_iD.svg-768x768.png 768w, https:\/\/www.fpce.up.pt\/resil-sc-ience\/wp-content\/uploads\/sites\/1031\/2024\/05\/ORCID_iD.svg-1536x1536.png 1536w, https:\/\/www.fpce.up.pt\/resil-sc-ience\/wp-content\/uploads\/sites\/1031\/2024\/05\/ORCID_iD.svg-24x24.png 24w, https:\/\/www.fpce.up.pt\/resil-sc-ience\/wp-content\/uploads\/sites\/1031\/2024\/05\/ORCID_iD.svg-48x48.png 48w, https:\/\/www.fpce.up.pt\/resil-sc-ience\/wp-content\/uploads\/sites\/1031\/2024\/05\/ORCID_iD.svg-96x96.png 96w, https:\/\/www.fpce.up.pt\/resil-sc-ience\/wp-content\/uploads\/sites\/1031\/2024\/05\/ORCID_iD.svg.png 2048w\" sizes=\"(max-width: 22px) 100vw, 22px\" \/><\/a><\/strong><\/p>\n<p><strong><\/strong><\/p>\n<p>Sou a Filipa, uma jovem investigadora preocupada sobretudo com quest\u00f5es desenvolvimentais, tomando em considera\u00e7\u00e3o os diferentes contextos de vida dos jovens, as suas din\u00e2micas relacionais e aspetos inerentes \u00e0 sua sa\u00fade mental.<\/p>\n<p>\u00a0<\/p>\n<p><\/p>\t\t\t\t\t\t\t\t<\/div>\n\t\t\t\t<\/div>\n\t\t\t\t<div class=\"elementor-element elementor-element-a10a524 elementor-widget elementor-widget-text-editor\" data-id=\"a10a524\" data-element_type=\"widget\" data-e-type=\"widget\" data-widget_type=\"text-editor.default\">\n\t\t\t\t<div class=\"elementor-widget-container\">\n\t\t\t\t\t\t\t\t\t<p><\/p>\n<p><strong>Jo\u00e3o Francisco Barreto\u00a0\u00a0<a href=\"https:\/\/orcid.org\/0000-0002-1893-4819\" target=\"_blank\" rel=\"noopener\"><img decoding=\"async\" class=\"alignnone wp-image-910\" src=\"https:\/\/www.fpce.up.pt\/resil-sc-ience\/wp-content\/uploads\/sites\/1031\/2024\/05\/ORCID_iD.svg-300x300.png\" alt=\"\" width=\"22\" height=\"22\" srcset=\"https:\/\/www.fpce.up.pt\/resil-sc-ience\/wp-content\/uploads\/sites\/1031\/2024\/05\/ORCID_iD.svg-300x300.png 300w, https:\/\/www.fpce.up.pt\/resil-sc-ience\/wp-content\/uploads\/sites\/1031\/2024\/05\/ORCID_iD.svg-1024x1024.png 1024w, https:\/\/www.fpce.up.pt\/resil-sc-ience\/wp-content\/uploads\/sites\/1031\/2024\/05\/ORCID_iD.svg-150x150.png 150w, https:\/\/www.fpce.up.pt\/resil-sc-ience\/wp-content\/uploads\/sites\/1031\/2024\/05\/ORCID_iD.svg-768x768.png 768w, https:\/\/www.fpce.up.pt\/resil-sc-ience\/wp-content\/uploads\/sites\/1031\/2024\/05\/ORCID_iD.svg-1536x1536.png 1536w, https:\/\/www.fpce.up.pt\/resil-sc-ience\/wp-content\/uploads\/sites\/1031\/2024\/05\/ORCID_iD.svg-24x24.png 24w, https:\/\/www.fpce.up.pt\/resil-sc-ience\/wp-content\/uploads\/sites\/1031\/2024\/05\/ORCID_iD.svg-48x48.png 48w, https:\/\/www.fpce.up.pt\/resil-sc-ience\/wp-content\/uploads\/sites\/1031\/2024\/05\/ORCID_iD.svg-96x96.png 96w, https:\/\/www.fpce.up.pt\/resil-sc-ience\/wp-content\/uploads\/sites\/1031\/2024\/05\/ORCID_iD.svg.png 2048w\" sizes=\"(max-width: 22px) 100vw, 22px\" \/><\/a><\/strong><\/p>\n<p><strong><\/strong><\/p>\n<p>Sou psic\u00f3logo, professor e investigador e gosto de tentar misturar estas facetas na minha vida. Tenho-me\u00a0interessado especialmente pelos processos relacionais da psicoterapia de diferentes orienta\u00e7\u00f5es e pelo tema da mentaliza\u00e7\u00e3o aplicado a v\u00e1rias vertentes da sa\u00fade mental.<\/p>\n<p>\u00a0<\/p>\n<p><\/p>\t\t\t\t\t\t\t\t<\/div>\n\t\t\t\t<\/div>\n\t\t\t\t<div class=\"elementor-element elementor-element-4d7b08a elementor-widget elementor-widget-text-editor\" data-id=\"4d7b08a\" data-element_type=\"widget\" data-e-type=\"widget\" data-widget_type=\"text-editor.default\">\n\t\t\t\t<div class=\"elementor-widget-container\">\n\t\t\t\t\t\t\t\t\t<p><\/p>\n<p><strong>Paula Mena Matos <a href=\"https:\/\/orcid.org\/0000-0001-5763-8070\" target=\"_blank\" rel=\"noopener\" data-wplink-edit=\"true\"><img decoding=\"async\" class=\"alignnone wp-image-910\" src=\"https:\/\/www.fpce.up.pt\/resil-sc-ience\/wp-content\/uploads\/sites\/1031\/2024\/05\/ORCID_iD.svg-300x300.png\" alt=\"\" width=\"22\" height=\"22\" srcset=\"https:\/\/www.fpce.up.pt\/resil-sc-ience\/wp-content\/uploads\/sites\/1031\/2024\/05\/ORCID_iD.svg-300x300.png 300w, https:\/\/www.fpce.up.pt\/resil-sc-ience\/wp-content\/uploads\/sites\/1031\/2024\/05\/ORCID_iD.svg-1024x1024.png 1024w, https:\/\/www.fpce.up.pt\/resil-sc-ience\/wp-content\/uploads\/sites\/1031\/2024\/05\/ORCID_iD.svg-150x150.png 150w, https:\/\/www.fpce.up.pt\/resil-sc-ience\/wp-content\/uploads\/sites\/1031\/2024\/05\/ORCID_iD.svg-768x768.png 768w, https:\/\/www.fpce.up.pt\/resil-sc-ience\/wp-content\/uploads\/sites\/1031\/2024\/05\/ORCID_iD.svg-1536x1536.png 1536w, https:\/\/www.fpce.up.pt\/resil-sc-ience\/wp-content\/uploads\/sites\/1031\/2024\/05\/ORCID_iD.svg-24x24.png 24w, https:\/\/www.fpce.up.pt\/resil-sc-ience\/wp-content\/uploads\/sites\/1031\/2024\/05\/ORCID_iD.svg-48x48.png 48w, https:\/\/www.fpce.up.pt\/resil-sc-ience\/wp-content\/uploads\/sites\/1031\/2024\/05\/ORCID_iD.svg-96x96.png 96w, https:\/\/www.fpce.up.pt\/resil-sc-ience\/wp-content\/uploads\/sites\/1031\/2024\/05\/ORCID_iD.svg.png 2048w\" sizes=\"(max-width: 22px) 100vw, 22px\" \/><\/a><\/strong><\/p>\n<p><strong><\/strong><\/p>\n<p>As rela\u00e7\u00f5es humanas s\u00e3o nucleares para o desenvolvimento e a adapta\u00e7\u00e3o psicossocial. Sou professora e investigadora da U.Porto, e interesso-me particularmente pelas din\u00e2micas relacionais que ocorrem em diferentes contextos bem como pelas estrat\u00e9gias de regula\u00e7\u00e3o emocional usadas pelas pessoas face a acontecimentos e transi\u00e7\u00f5es de vida. Chamo-me Paula.<\/p>\n<p>\u00a0<\/p>\n<p><\/p>\t\t\t\t\t\t\t\t<\/div>\n\t\t\t\t<\/div>\n\t\t\t\t<div class=\"elementor-element elementor-element-53cacda elementor-widget elementor-widget-text-editor\" data-id=\"53cacda\" data-element_type=\"widget\" data-e-type=\"widget\" data-widget_type=\"text-editor.default\">\n\t\t\t\t<div class=\"elementor-widget-container\">\n\t\t\t\t\t\t\t\t\t<p><\/p>\n<p><strong>Sara Martins \u00a0<a href=\"https:\/\/orcid.org\/0000-0001-5550-7560\" target=\"_blank\" rel=\"noopener\"><img decoding=\"async\" class=\"alignnone wp-image-910\" src=\"https:\/\/www.fpce.up.pt\/resil-sc-ience\/wp-content\/uploads\/sites\/1031\/2024\/05\/ORCID_iD.svg-300x300.png\" alt=\"\" width=\"22\" height=\"22\" srcset=\"https:\/\/www.fpce.up.pt\/resil-sc-ience\/wp-content\/uploads\/sites\/1031\/2024\/05\/ORCID_iD.svg-300x300.png 300w, https:\/\/www.fpce.up.pt\/resil-sc-ience\/wp-content\/uploads\/sites\/1031\/2024\/05\/ORCID_iD.svg-1024x1024.png 1024w, https:\/\/www.fpce.up.pt\/resil-sc-ience\/wp-content\/uploads\/sites\/1031\/2024\/05\/ORCID_iD.svg-150x150.png 150w, https:\/\/www.fpce.up.pt\/resil-sc-ience\/wp-content\/uploads\/sites\/1031\/2024\/05\/ORCID_iD.svg-768x768.png 768w, https:\/\/www.fpce.up.pt\/resil-sc-ience\/wp-content\/uploads\/sites\/1031\/2024\/05\/ORCID_iD.svg-1536x1536.png 1536w, https:\/\/www.fpce.up.pt\/resil-sc-ience\/wp-content\/uploads\/sites\/1031\/2024\/05\/ORCID_iD.svg-24x24.png 24w, https:\/\/www.fpce.up.pt\/resil-sc-ience\/wp-content\/uploads\/sites\/1031\/2024\/05\/ORCID_iD.svg-48x48.png 48w, https:\/\/www.fpce.up.pt\/resil-sc-ience\/wp-content\/uploads\/sites\/1031\/2024\/05\/ORCID_iD.svg-96x96.png 96w, https:\/\/www.fpce.up.pt\/resil-sc-ience\/wp-content\/uploads\/sites\/1031\/2024\/05\/ORCID_iD.svg.png 2048w\" sizes=\"(max-width: 22px) 100vw, 22px\" \/><\/a><\/strong><\/p>\n<p><strong><\/strong><\/p>\n<p>Sou a Sara, uma psic\u00f3loga com interesse pela investiga\u00e7\u00e3o e pela conjuga\u00e7\u00e3o com a pr\u00e1tica cl\u00ednica. Interesso-me sobretudo por temas como o desenvolvimento e as rela\u00e7\u00f5es familiares.<\/p>\n<p>\u00a0<\/p>\n<p><\/p>\t\t\t\t\t\t\t\t<\/div>\n\t\t\t\t<\/div>\n\t\t\t\t<div class=\"elementor-element elementor-element-4d9d404 elementor-widget elementor-widget-text-editor\" data-id=\"4d9d404\" data-element_type=\"widget\" data-e-type=\"widget\" data-widget_type=\"text-editor.default\">\n\t\t\t\t<div class=\"elementor-widget-container\">\n\t\t\t\t\t\t\t\t\t<p><\/p>\n<p><strong>Tiago Bento Ferreira\u00a0\u00a0<a href=\"https:\/\/orcid.org\/0000-0003-0216-7237\" target=\"_blank\" rel=\"noopener\"><img decoding=\"async\" class=\"alignnone wp-image-910\" src=\"https:\/\/www.fpce.up.pt\/resil-sc-ience\/wp-content\/uploads\/sites\/1031\/2024\/05\/ORCID_iD.svg-300x300.png\" alt=\"\" width=\"22\" height=\"22\" srcset=\"https:\/\/www.fpce.up.pt\/resil-sc-ience\/wp-content\/uploads\/sites\/1031\/2024\/05\/ORCID_iD.svg-300x300.png 300w, https:\/\/www.fpce.up.pt\/resil-sc-ience\/wp-content\/uploads\/sites\/1031\/2024\/05\/ORCID_iD.svg-1024x1024.png 1024w, https:\/\/www.fpce.up.pt\/resil-sc-ience\/wp-content\/uploads\/sites\/1031\/2024\/05\/ORCID_iD.svg-150x150.png 150w, https:\/\/www.fpce.up.pt\/resil-sc-ience\/wp-content\/uploads\/sites\/1031\/2024\/05\/ORCID_iD.svg-768x768.png 768w, https:\/\/www.fpce.up.pt\/resil-sc-ience\/wp-content\/uploads\/sites\/1031\/2024\/05\/ORCID_iD.svg-1536x1536.png 1536w, https:\/\/www.fpce.up.pt\/resil-sc-ience\/wp-content\/uploads\/sites\/1031\/2024\/05\/ORCID_iD.svg-24x24.png 24w, https:\/\/www.fpce.up.pt\/resil-sc-ience\/wp-content\/uploads\/sites\/1031\/2024\/05\/ORCID_iD.svg-48x48.png 48w, https:\/\/www.fpce.up.pt\/resil-sc-ience\/wp-content\/uploads\/sites\/1031\/2024\/05\/ORCID_iD.svg-96x96.png 96w, https:\/\/www.fpce.up.pt\/resil-sc-ience\/wp-content\/uploads\/sites\/1031\/2024\/05\/ORCID_iD.svg.png 2048w\" sizes=\"(max-width: 22px) 100vw, 22px\" \/><\/a><\/strong><\/p>\n<p><strong><\/strong><\/p>\n<p>Sou o Tiago, professor e investigador. A minha curiosidade tem-se dedicado ao modo como\u00a0 produzimos conhecimento sobre os fen\u00f3menos mentais, e \u00e0s formas como estes fen\u00f3menos se entrecruzam e estendem no tempo para permitir que o mundo \u00e0 nossa volta tenha significado para n\u00f3s.<\/p>\n<p>\u00a0<\/p>\n<p><\/p>\t\t\t\t\t\t\t\t<\/div>\n\t\t\t\t<\/div>\n\t\t\t\t\t<\/div>\n\t\t\t\t<\/div>\n\t\t\t\t<\/div>\n\t\t","protected":false},"excerpt":{"rendered":"<p>Helena Carvalho (Investigadora Principal) Sou a Helena e sou investigadora interessada no muito que partilhamos enquanto seres humanos. Tenho estudado os contextos que nos aproximam da exclus\u00e3o, da doen\u00e7a e do desvio e em todos eles encontro a desigualdade e a injusti\u00e7a social.\u00a0 \u00a0 Ana Henriques\u00a0 Sou a\u00a0Ana\u00a0e sou apaixonada por fazer investiga\u00e7\u00e3o multidisciplinar, abrangendo [&hellip;]<\/p>\n","protected":false},"author":1103,"featured_media":0,"parent":0,"menu_order":0,"comment_status":"closed","ping_status":"closed","template":"","meta":{"footnotes":""},"class_list":["post-838","page","type-page","status-publish","hentry","post"],"_links":{"self":[{"href":"https:\/\/www.fpce.up.pt\/resil-sc-ience\/wp-json\/wp\/v2\/pages\/838","targetHints":{"allow":["GET"]}}],"collection":[{"href":"https:\/\/www.fpce.up.pt\/resil-sc-ience\/wp-json\/wp\/v2\/pages"}],"about":[{"href":"https:\/\/www.fpce.up.pt\/resil-sc-ience\/wp-json\/wp\/v2\/types\/page"}],"author":[{"embeddable":true,"href":"https:\/\/www.fpce.up.pt\/resil-sc-ience\/wp-json\/wp\/v2\/users\/1103"}],"replies":[{"embeddable":true,"href":"https:\/\/www.fpce.up.pt\/resil-sc-ience\/wp-json\/wp\/v2\/comments?post=838"}],"version-history":[{"count":86,"href":"https:\/\/www.fpce.up.pt\/resil-sc-ience\/wp-json\/wp\/v2\/pages\/838\/revisions"}],"predecessor-version":[{"id":2006,"href":"https:\/\/www.fpce.up.pt\/resil-sc-ience\/wp-json\/wp\/v2\/pages\/838\/revisions\/2006"}],"wp:attachment":[{"href":"https:\/\/www.fpce.up.pt\/resil-sc-ience\/wp-json\/wp\/v2\/media?parent=838"}],"curies":[{"name":"wp","href":"https:\/\/api.w.org\/{rel}","templated":true}]}}