{"id":844,"date":"2024-05-22T10:50:12","date_gmt":"2024-05-22T10:50:12","guid":{"rendered":"https:\/\/www.fpce.up.pt\/resil-sc-ience\/?page_id=844"},"modified":"2024-07-19T12:59:53","modified_gmt":"2024-07-19T12:59:53","slug":"consultative-panel","status":"publish","type":"page","link":"https:\/\/www.fpce.up.pt\/resil-sc-ience\/en\/consultative-panel\/","title":{"rendered":"Consultative panel"},"content":{"rendered":"\t\t<div data-elementor-type=\"wp-page\" data-elementor-id=\"844\" class=\"elementor elementor-844\" data-elementor-post-type=\"page\">\n\t\t\t\t<div class=\"has_eae_slider elementor-element elementor-element-3e17cc0 e-flex e-con-boxed e-con e-parent\" data-eae-slider=\"2611\" data-id=\"3e17cc0\" data-element_type=\"container\" data-e-type=\"container\">\n\t\t\t\t\t<div class=\"e-con-inner\">\n\t\t\t\t<div class=\"elementor-element elementor-element-a0ba51c elementor-widget elementor-widget-text-editor\" data-id=\"a0ba51c\" data-element_type=\"widget\" data-e-type=\"widget\" data-widget_type=\"text-editor.default\">\n\t\t\t\t<div class=\"elementor-widget-container\">\n\t\t\t\t\t\t\t\t\t<p>The Consultative Panel is composed by people hold key positions in governmental and NGOs related to Mental Health (MH) and its social determinants.<\/p>\t\t\t\t\t\t\t\t<\/div>\n\t\t\t\t<\/div>\n\t\t\t\t<div class=\"elementor-element elementor-element-d3198ad elementor-widget elementor-widget-text-editor\" data-id=\"d3198ad\" data-element_type=\"widget\" data-e-type=\"widget\" data-widget_type=\"text-editor.default\">\n\t\t\t\t<div class=\"elementor-widget-container\">\n\t\t\t\t\t\t\t\t\t<p><strong>C\u00e9lia<\/strong> <strong>Sales<\/strong>, FPCEUP, CPUP<\/p><p><strong>Eunice Silva<\/strong>, ARSN<\/p><p><strong>Joaquina<\/strong> <strong>Castel\u00e3o<\/strong>, Familiarmente<\/p><p><strong>Miguel Arriaga<\/strong>, DGS, OCDE<\/p><p><strong>Miguel Dur\u00e3es<\/strong>, ONG Recovery<\/p><p><strong>Sandra Ara\u00fajo<\/strong>, ENLCP<\/p>\t\t\t\t\t\t\t\t<\/div>\n\t\t\t\t<\/div>\n\t\t\t\t\t<\/div>\n\t\t\t\t<\/div>\n\t\t\t\t<\/div>\n\t\t","protected":false},"excerpt":{"rendered":"<p>The Consultative Panel is composed by people hold key positions in governmental and NGOs related to Mental Health (MH) and its social determinants. C\u00e9lia Sales, FPCEUP, CPUP Eunice Silva, ARSN Joaquina Castel\u00e3o, Familiarmente Miguel Arriaga, DGS, OCDE Miguel Dur\u00e3es, ONG Recovery Sandra Ara\u00fajo, ENLCP<\/p>\n","protected":false},"author":1103,"featured_media":0,"parent":0,"menu_order":0,"comment_status":"closed","ping_status":"closed","template":"","meta":{"footnotes":""},"class_list":["post-844","page","type-page","status-publish","hentry","post"],"_links":{"self":[{"href":"https:\/\/www.fpce.up.pt\/resil-sc-ience\/wp-json\/wp\/v2\/pages\/844","targetHints":{"allow":["GET"]}}],"collection":[{"href":"https:\/\/www.fpce.up.pt\/resil-sc-ience\/wp-json\/wp\/v2\/pages"}],"about":[{"href":"https:\/\/www.fpce.up.pt\/resil-sc-ience\/wp-json\/wp\/v2\/types\/page"}],"author":[{"embeddable":true,"href":"https:\/\/www.fpce.up.pt\/resil-sc-ience\/wp-json\/wp\/v2\/users\/1103"}],"replies":[{"embeddable":true,"href":"https:\/\/www.fpce.up.pt\/resil-sc-ience\/wp-json\/wp\/v2\/comments?post=844"}],"version-history":[{"count":22,"href":"https:\/\/www.fpce.up.pt\/resil-sc-ience\/wp-json\/wp\/v2\/pages\/844\/revisions"}],"predecessor-version":[{"id":1469,"href":"https:\/\/www.fpce.up.pt\/resil-sc-ience\/wp-json\/wp\/v2\/pages\/844\/revisions\/1469"}],"wp:attachment":[{"href":"https:\/\/www.fpce.up.pt\/resil-sc-ience\/wp-json\/wp\/v2\/media?parent=844"}],"curies":[{"name":"wp","href":"https:\/\/api.w.org\/{rel}","templated":true}]}}