{"id":255,"date":"2019-12-05T10:39:37","date_gmt":"2019-12-05T10:39:37","guid":{"rendered":"http:\/\/wp.up.pt\/histomap\/?page_id=255"},"modified":"2023-03-31T14:41:31","modified_gmt":"2023-03-31T14:41:31","slug":"projeto-perda-gestacional","status":"publish","type":"page","link":"https:\/\/www.fpce.up.pt\/viienjie\/","title":{"rendered":"Apresenta\u00e7\u00e3o"},"content":{"rendered":"\n<p><br>O <strong>VII ENJIE \u2013 Encontro Nacional de Jovens Investigadores em Educa\u00e7\u00e3o<\/strong> realizar-se-\u00e1 no <strong>Porto<\/strong>, na Escola Superior de Educa\u00e7\u00e3o do Instituto Polit\u00e9cnico do Porto (ESE\/IPP) e na Faculdade de Psicologia e de Ci\u00eancias da Educa\u00e7\u00e3o da Universidade do Porto (FPCEUP), nos dias <strong>3 e 4 de fevereiro de 2023<\/strong>, dedicado ao tema <strong>&#8220;Desafios Atuais na Investiga\u00e7\u00e3o em Educa\u00e7\u00e3o: Agendas Emergentes&#8221;<\/strong>.<\/p>\n\n\n\n<p>O ENJIE \u00e9 um encontro anual promovido pelos Centros de Investiga\u00e7\u00e3o em Ci\u00eancias da Educa\u00e7\u00e3o. Em 2023, realiza-se a sua s\u00e9tima edi\u00e7\u00e3o, com organiza\u00e7\u00e3o do <strong><a href=\"https:\/\/www.fpce.up.pt\/ciie\/\">Centro de investiga\u00e7\u00e3o e Interven\u00e7\u00e3o Educativas (CIIE\/FPCEUP)<\/a><\/strong> e do <strong><a href=\"https:\/\/ined.ese.ipp.pt\/pt\">Centro de Investiga\u00e7\u00e3o e Inova\u00e7\u00e3o em Educa\u00e7\u00e3o (inED\/ESE\/IPP)<\/a><\/strong>, em articula\u00e7\u00e3o com o Conselho Coordenador de Centros de Investiga\u00e7\u00e3o em Ci\u00eancias e Pol\u00edticas da Educa\u00e7\u00e3o. <\/p>\n\n\n\n<p>O principal objetivo do ENJIE \u00e9 proporcionar uma oportunidade para que <strong>jovens investigadores\/as<\/strong> (<strong>doutorandos<\/strong>\/as&nbsp;e&nbsp;<strong>mestrandos\/as)<\/strong>*&nbsp;na \u00e1rea das&nbsp;<strong>Ci\u00eancias da Educa\u00e7\u00e3o<\/strong> possam apresentar e debater trabalhos em curso, proporcionando, dessa forma, um ambiente favor\u00e1vel \u00e0 intera\u00e7\u00e3o e partilha de conhecimento e de experi\u00eancias, bem como ao enriquecimento m\u00fatuo dos seus percursos de investiga\u00e7\u00e3o e forma\u00e7\u00e3o individual .<\/p>\n\n\n\n<p><br><br>O VII ENJIE vai realizar-se em formato presencial. <\/p>\n\n\n\n<p>A organiza\u00e7\u00e3o convida doutorandos\/as e mestrandos\/as a submeter os seus trabalhos (resumos de at\u00e9 300 palavras) at\u00e9 ao dia <strong><s>9 de dezembro de 2022<\/s><\/strong> <strong>14 de dezembro de 2022 (NOVA DATA)<\/strong>. <\/p>\n\n\n\n<p>Convida ainda toda a comunidade cient\u00edfica e acad\u00e9mica a juntar-se a este evento e a marcar presen\u00e7a no Porto em fevereiro pr\u00f3ximo.<\/p>\n\n\n\n<p><\/p>\n\n\n\n<p><\/p>\n\n\n\n<p>Participe!<\/p>\n\n\n\n<p><\/p>\n\n\n\n<p><br><br><strong>J\u00e1 foi publicado o livro de resumos do VII ENJIE.<\/strong><a href=\"https:\/\/www.fpce.up.pt\/viienjie\/wp-content\/uploads\/sites\/965\/2023\/02\/LivroDeResumos_VIIENJIEvf.pdf\"><br><\/a><strong><a href=\"https:\/\/www.fpce.up.pt\/viienjie\/wp-content\/uploads\/sites\/965\/2023\/03\/LivroDeResumos_VIIENJIE_vff.pdf\" data-type=\"URL\" data-id=\"https:\/\/www.fpce.up.pt\/viienjie\/wp-content\/uploads\/sites\/965\/2023\/03\/LivroDeResumos_VIIENJIE_vff.pdf\">LIVRO DE RESUMOS<\/a><\/strong><br><br><\/p>\n\n\n\n<p><\/p>\n\n\n\n<p><strong>* Podem tamb\u00e9m ser submetidos trabalhos no \u00e2mbito de disserta\u00e7\u00f5es e teses defendidas durante o ano de 2022. <\/strong><\/p>\n","protected":false},"excerpt":{"rendered":"<p>O VII ENJIE \u2013 Encontro Nacional de Jovens Investigadores em Educa\u00e7\u00e3o realizar-se-\u00e1 no Porto, na Escola Superior de Educa\u00e7\u00e3o do Instituto Polit\u00e9cnico do Porto (ESE\/IPP) e na Faculdade de Psicologia e de Ci\u00eancias da Educa\u00e7\u00e3o da Universidade do Porto (FPCEUP), nos dias 3 e 4 de fevereiro de 2023, dedicado ao tema &#8220;Desafios Atuais na [&hellip;]<\/p>\n","protected":false},"author":1103,"featured_media":0,"parent":0,"menu_order":1,"comment_status":"closed","ping_status":"closed","template":"","meta":{"footnotes":""},"class_list":["post-255","page","type-page","status-publish","hentry","post"],"_links":{"self":[{"href":"https:\/\/www.fpce.up.pt\/viienjie\/wp-json\/wp\/v2\/pages\/255","targetHints":{"allow":["GET"]}}],"collection":[{"href":"https:\/\/www.fpce.up.pt\/viienjie\/wp-json\/wp\/v2\/pages"}],"about":[{"href":"https:\/\/www.fpce.up.pt\/viienjie\/wp-json\/wp\/v2\/types\/page"}],"author":[{"embeddable":true,"href":"https:\/\/www.fpce.up.pt\/viienjie\/wp-json\/wp\/v2\/users\/1103"}],"replies":[{"embeddable":true,"href":"https:\/\/www.fpce.up.pt\/viienjie\/wp-json\/wp\/v2\/comments?post=255"}],"version-history":[{"count":48,"href":"https:\/\/www.fpce.up.pt\/viienjie\/wp-json\/wp\/v2\/pages\/255\/revisions"}],"predecessor-version":[{"id":1595,"href":"https:\/\/www.fpce.up.pt\/viienjie\/wp-json\/wp\/v2\/pages\/255\/revisions\/1595"}],"wp:attachment":[{"href":"https:\/\/www.fpce.up.pt\/viienjie\/wp-json\/wp\/v2\/media?parent=255"}],"curies":[{"name":"wp","href":"https:\/\/api.w.org\/{rel}","templated":true}]}}