{"id":723,"date":"2022-11-09T17:03:28","date_gmt":"2022-11-09T17:03:28","guid":{"rendered":"https:\/\/www.fpce.up.pt\/viienjie\/?page_id=723"},"modified":"2023-03-01T10:41:20","modified_gmt":"2023-03-01T10:41:20","slug":"submissoes","status":"publish","type":"page","link":"https:\/\/www.fpce.up.pt\/viienjie\/submissoes\/","title":{"rendered":"Submiss\u00f5es"},"content":{"rendered":"\n<p><br><br>Resumos de comunica\u00e7\u00f5es ou p\u00f3steres (respeitando os modelos a disponibilizar em breve neste site, ainda em constru\u00e7\u00e3o). Podem ser apresentados em portugu\u00eas, franc\u00eas, ingl\u00eas ou espanhol. <\/p>\n\n\n\n<p>Os trabalhos devem ser originais e baseados em investiga\u00e7\u00e3o realizada a n\u00edvel de doutoramento e mestrado.<\/p>\n\n\n\n<p>Os\/as autores\/as dos resumos aceites ser\u00e3o convidados\/as a submeter um texto completo a publicar, ap\u00f3s o encontro, no livro de atas do VII ENJIE. <\/p>\n\n\n\n<p>Cada estudante poder\u00e1 submeter apenas 01 trabalho de investiga\u00e7\u00e3o.<\/p>\n\n\n\n<p>Submiss\u00e3o de resumos at\u00e9\u00a0<strong>14 de dezembro de 2022<\/strong>.<br><br><br><strong>Template para submiss\u00e3o de resumo:<\/strong><\/p>\n\n\n\n<div class=\"wp-block-file\"><a id=\"wp-block-file--media-191eec7a-8283-4430-b807-27b21418e649\" href=\"https:\/\/www.fpce.up.pt\/viienjie\/wp-content\/uploads\/sites\/965\/2022\/12\/Template_Resumo_VII_ENJIEvf_14dez.docx\">Template_Resumo_VII_ENJIEvf_14dez<\/a><a href=\"https:\/\/www.fpce.up.pt\/viienjie\/wp-content\/uploads\/sites\/965\/2022\/12\/Template_Resumo_VII_ENJIEvf_14dez.docx\" class=\"wp-block-file__button wp-element-button\" download aria-describedby=\"wp-block-file--media-191eec7a-8283-4430-b807-27b21418e649\">Descarregar<\/a><\/div>\n\n\n\n<p><a rel=\"noreferrer noopener\" href=\"https:\/\/viienjie.eventqualia.net\/pt\/cloud\/viienjie6646\/account\/login\/\" target=\"_blank\">Plataforma de submiss\u00e3o de resumos<\/a><br><br><br><strong>INFORMA\u00c7\u00c3O IMPORTANTE <\/strong><br><br>Os resumos aceites com necessidade de altera\u00e7\u00f5es devem ser enviados para o e-mail <strong>vii.enjie@gmail.com <\/strong><br>Dever\u00e3o colocar no assunto do e-mail (substituir pelos seus dados): <strong>VIIENJIE-C\u00d3DIGO DE INSCRI\u00c7\u00c3O &#8211; &#8220;T\u00cdTULO DA COMUNICA\u00c7\u00c3O\/RESUMO&#8221;<\/strong> O texto deve seguir as normas previamente anunciadas em <em>template <\/em>dispon\u00edvel nesta p\u00e1gina. <br>O texto do resumo deve vir no corpo do e-mail na seguinte ordem: <strong>T\u00edtulo \/ autores(as) \/ Resumo \/ Palavras-chave.<\/strong> <br><br>O prazo para o envio do resumo com as altera\u00e7\u00f5es solicitadas pelos revisores \u00e9 at\u00e9 <strong>20 de janeiro de 2023. <\/strong><br><br><br><strong>COMUNICA\u00c7\u00d5ES ORAIS<\/strong><br><br>As comunica\u00e7\u00f5es orais ocorrer\u00e3o nas sess\u00f5es paralelas, em organiza\u00e7\u00e3o a ser divulgada brevemente no menu <a href=\"https:\/\/www.fpce.up.pt\/viienjie\/programas\/\">Programa<\/a>.<br>As apresenta\u00e7\u00f5es ser\u00e3o organizadas por eixos tem\u00e1ticos. Cada participante ter\u00e1, aproximadamente, 12 a 15 minutos para apresentar seu trabalho. <\/p>\n\n\n\n<p><br><strong><em>Template <\/em>para apresenta\u00e7\u00e3o das comunica\u00e7\u00f5es orais:<\/strong><\/p>\n\n\n\n<div class=\"wp-block-file\"><a id=\"wp-block-file--media-1ef56170-a47d-4d31-945e-7df6774e319a\" href=\"https:\/\/www.fpce.up.pt\/viienjie\/wp-content\/uploads\/sites\/965\/2023\/01\/Template_-Comunicacao_ENJIE.pptx\">Template_-Comunicacao_ENJIE<\/a><a href=\"https:\/\/www.fpce.up.pt\/viienjie\/wp-content\/uploads\/sites\/965\/2023\/01\/Template_-Comunicacao_ENJIE.pptx\" class=\"wp-block-file__button wp-element-button\" download aria-describedby=\"wp-block-file--media-1ef56170-a47d-4d31-945e-7df6774e319a\">Descarregar<\/a><\/div>\n\n\n\n<p><br><br><strong>TEXTOS COMPLETOS PARA O LIVRO DE RESUMOS<\/strong><\/p>\n\n\n\n<p><br>Os textos completos para o livro de atas do VII ENJIE s\u00e3o submetidos online, <strong>como anexo<\/strong>, na <a href=\"https:\/\/viienjie.eventqualia.net\/pt\/cloud\/viienjie6646\/account\/login\/\">Plataforma de submiss\u00e3o<\/a>, na \u00e1rea pessoal do\/a autor\/a que submeteu o resumo. <br>A submiss\u00e3o deve ser efetuada <strong>at\u00e9 ao dia 12 de abril de 2023<\/strong>.<br><br>O texto completo (incluindo resumo, tabelas e refer\u00eancias bibliogr\u00e1ficas) n\u00e3o pode ultrapassar as <strong>5000 <\/strong>palavras.<br><br><strong>\u00c9 necess\u00e1rio um respeito escrupuloso pelas regras de formata\u00e7\u00e3o que constam do template, sob pena de rejei\u00e7\u00e3o autom\u00e1tica dos textos enviados.<\/strong><br><br><a href=\"https:\/\/www.fpce.up.pt\/viienjie\/wp-content\/uploads\/sites\/965\/2023\/03\/Template_TextoLivrodeAtas_VII_ENJIE_vf.docx\">TEMPLATE<\/a><\/p>\n","protected":false},"excerpt":{"rendered":"<p>Resumos de comunica\u00e7\u00f5es ou p\u00f3steres (respeitando os modelos a disponibilizar em breve neste site, ainda em constru\u00e7\u00e3o). Podem ser apresentados em portugu\u00eas, franc\u00eas, ingl\u00eas ou espanhol. Os trabalhos devem ser originais e baseados em investiga\u00e7\u00e3o realizada a n\u00edvel de doutoramento e mestrado. Os\/as autores\/as dos resumos aceites ser\u00e3o convidados\/as a submeter um texto completo a [&hellip;]<\/p>\n","protected":false},"author":1103,"featured_media":0,"parent":0,"menu_order":4,"comment_status":"closed","ping_status":"closed","template":"","meta":{"footnotes":""},"class_list":["post-723","page","type-page","status-publish","hentry","post"],"_links":{"self":[{"href":"https:\/\/www.fpce.up.pt\/viienjie\/wp-json\/wp\/v2\/pages\/723","targetHints":{"allow":["GET"]}}],"collection":[{"href":"https:\/\/www.fpce.up.pt\/viienjie\/wp-json\/wp\/v2\/pages"}],"about":[{"href":"https:\/\/www.fpce.up.pt\/viienjie\/wp-json\/wp\/v2\/types\/page"}],"author":[{"embeddable":true,"href":"https:\/\/www.fpce.up.pt\/viienjie\/wp-json\/wp\/v2\/users\/1103"}],"replies":[{"embeddable":true,"href":"https:\/\/www.fpce.up.pt\/viienjie\/wp-json\/wp\/v2\/comments?post=723"}],"version-history":[{"count":36,"href":"https:\/\/www.fpce.up.pt\/viienjie\/wp-json\/wp\/v2\/pages\/723\/revisions"}],"predecessor-version":[{"id":1583,"href":"https:\/\/www.fpce.up.pt\/viienjie\/wp-json\/wp\/v2\/pages\/723\/revisions\/1583"}],"wp:attachment":[{"href":"https:\/\/www.fpce.up.pt\/viienjie\/wp-json\/wp\/v2\/media?parent=723"}],"curies":[{"name":"wp","href":"https:\/\/api.w.org\/{rel}","templated":true}]}}