{"id":741,"date":"2022-11-09T17:04:40","date_gmt":"2022-11-09T17:04:40","guid":{"rendered":"https:\/\/www.fpce.up.pt\/viienjie\/?page_id=741"},"modified":"2022-11-18T11:28:06","modified_gmt":"2022-11-18T11:28:06","slug":"alojamento","status":"publish","type":"page","link":"https:\/\/www.fpce.up.pt\/viienjie\/alojamento\/","title":{"rendered":"Alojamento"},"content":{"rendered":"\n<p><strong>Hotel&nbsp;Ibis&nbsp;Porto &#8211;&nbsp;<em>S\u00e3o Jo\u00e3o <\/em><\/strong><em><br>Reservas pelo e-mail: <a href=\"mailto:h3227-am@accor.com\">h3227-am@accor.com<\/a> ou no <a rel=\"noreferrer noopener\" href=\"https:\/\/all.accor.com\/hotel\/3227\/index.pt.shtml\" target=\"_blank\">site<\/a><\/em><\/p>\n\n\n\n<p>(Localizado na esta\u00e7\u00e3o de metro IPO, a 500 metros da ESE\/IPP e 900 metros da FPCEUP &#8211; 09 minutos a p\u00e9).<\/p>\n\n\n\n<p><br><strong>Hotel Portinari<\/strong><\/p>\n\n\n\n<p>(Esta\u00e7\u00e3o de metro Hospital S\u00e3o Jo\u00e3o)<\/p>\n\n\n\n<p><em>Reservas pelo e-mail: <\/em><a href=\"mailto:info@hotelportinari.com\">info@hotelportinari.com<\/a> ou no <a href=\"https:\/\/www.hotelportinari.com\/\" target=\"_blank\" rel=\"noreferrer noopener\">site<\/a><\/p>\n\n\n\n<p><br><strong>Hotel Porto City<\/strong><\/p>\n\n\n\n<p>(Esta\u00e7\u00e3o de metro Faria Guimar\u00e3es)<\/p>\n\n\n\n<p>Reservas pelo e-mail: <a href=\"mailto:geral@portocityhotel.com\">geral@portocityhotel.com<\/a> ou no <a href=\"https:\/\/portocityhotel.com\/\" target=\"_blank\" rel=\"noreferrer noopener\">site <\/a><\/p>\n\n\n\n<p><br><strong>Hotel Grande Rio<\/strong><\/p>\n\n\n\n<p>(Esta\u00e7\u00e3o de metro Faria Guimar\u00e3es \/ Marqu\u00eas)<\/p>\n\n\n\n<p>Reservas pelo e-mail <a href=\"mailto:geral@hotel-grande-rio.com\">geral@hotel-grande-rio.com<\/a> ou pelo <a href=\"https:\/\/www.hotel-grande-rio.com\/index.php?lg=%27.WEBSITE_LANG.%27\" target=\"_blank\" rel=\"noreferrer noopener\">site<\/a><\/p>\n","protected":false},"excerpt":{"rendered":"<p>Hotel&nbsp;Ibis&nbsp;Porto &#8211;&nbsp;S\u00e3o Jo\u00e3o Reservas pelo e-mail: h3227-am@accor.com ou no site (Localizado na esta\u00e7\u00e3o de metro IPO, a 500 metros da ESE\/IPP e 900 metros da FPCEUP &#8211; 09 minutos a p\u00e9). Hotel Portinari (Esta\u00e7\u00e3o de metro Hospital S\u00e3o Jo\u00e3o) Reservas pelo e-mail: info@hotelportinari.com ou no site Hotel Porto City (Esta\u00e7\u00e3o de metro Faria Guimar\u00e3es) Reservas [&hellip;]<\/p>\n","protected":false},"author":1103,"featured_media":0,"parent":0,"menu_order":8,"comment_status":"closed","ping_status":"closed","template":"","meta":{"footnotes":""},"class_list":["post-741","page","type-page","status-publish","hentry","post"],"_links":{"self":[{"href":"https:\/\/www.fpce.up.pt\/viienjie\/wp-json\/wp\/v2\/pages\/741","targetHints":{"allow":["GET"]}}],"collection":[{"href":"https:\/\/www.fpce.up.pt\/viienjie\/wp-json\/wp\/v2\/pages"}],"about":[{"href":"https:\/\/www.fpce.up.pt\/viienjie\/wp-json\/wp\/v2\/types\/page"}],"author":[{"embeddable":true,"href":"https:\/\/www.fpce.up.pt\/viienjie\/wp-json\/wp\/v2\/users\/1103"}],"replies":[{"embeddable":true,"href":"https:\/\/www.fpce.up.pt\/viienjie\/wp-json\/wp\/v2\/comments?post=741"}],"version-history":[{"count":5,"href":"https:\/\/www.fpce.up.pt\/viienjie\/wp-json\/wp\/v2\/pages\/741\/revisions"}],"predecessor-version":[{"id":953,"href":"https:\/\/www.fpce.up.pt\/viienjie\/wp-json\/wp\/v2\/pages\/741\/revisions\/953"}],"wp:attachment":[{"href":"https:\/\/www.fpce.up.pt\/viienjie\/wp-json\/wp\/v2\/media?parent=741"}],"curies":[{"name":"wp","href":"https:\/\/api.w.org\/{rel}","templated":true}]}}